{"id":14272,"date":"2022-10-13T13:06:00","date_gmt":"2022-10-13T11:06:00","guid":{"rendered":"https:\/\/www.pronokal.com\/be-fr\/?page_id=14272"},"modified":"2023-03-22T15:18:03","modified_gmt":"2023-03-22T13:18:03","slug":"contact","status":"publish","type":"page","link":"https:\/\/www.pronokal.com\/be-fr\/contact\/","title":{"rendered":"Contact"},"content":{"rendered":"\t\t<div data-elementor-type=\"wp-page\" data-elementor-id=\"14272\" class=\"elementor elementor-14272\" data-elementor-post-type=\"page\">\n\t\t\t\t\t\t<section class=\"elementor-section elementor-top-section elementor-element elementor-element-3e668d8 elementor-section-boxed elementor-section-height-default elementor-section-height-default\" data-id=\"3e668d8\" data-element_type=\"section\">\n\t\t\t\t\t\t<div class=\"elementor-container elementor-column-gap-default\">\n\t\t\t\t\t<div class=\"elementor-column elementor-col-100 elementor-top-column elementor-element elementor-element-6019e8e\" data-id=\"6019e8e\" data-element_type=\"column\">\n\t\t\t<div class=\"elementor-widget-wrap elementor-element-populated\">\n\t\t\t\t\t\t<div class=\"elementor-element elementor-element-51ba741 elementor-widget elementor-widget-image\" data-id=\"51ba741\" data-element_type=\"widget\" data-widget_type=\"image.default\">\n\t\t\t\t<div class=\"elementor-widget-container\">\n\t\t\t\t\t\t\t\t\t\t\t\t\t\t\t<img decoding=\"async\" src=\"https:\/\/www.pronokal.com\/es\/wp-content\/uploads\/2022\/01\/Banner-contacto-1-1.jpg\" title=\"\" alt=\"\" loading=\"lazy\" \/>\t\t\t\t\t\t\t\t\t\t\t\t\t\t\t<\/div>\n\t\t\t\t<\/div>\n\t\t\t\t\t<\/div>\n\t\t<\/div>\n\t\t\t\t\t<\/div>\n\t\t<\/section>\n\t\t\t\t<section class=\"elementor-section elementor-top-section elementor-element elementor-element-5cd2067 elementor-section-boxed elementor-section-height-default elementor-section-height-default\" data-id=\"5cd2067\" data-element_type=\"section\">\n\t\t\t\t\t\t<div class=\"elementor-container elementor-column-gap-default\">\n\t\t\t\t\t<div class=\"elementor-column elementor-col-100 elementor-top-column elementor-element elementor-element-86ad9bd\" data-id=\"86ad9bd\" data-element_type=\"column\">\n\t\t\t<div class=\"elementor-widget-wrap elementor-element-populated\">\n\t\t\t\t\t\t<div class=\"elementor-element elementor-element-872dc6b elementor-widget elementor-widget-heading\" data-id=\"872dc6b\" data-element_type=\"widget\" data-widget_type=\"heading.default\">\n\t\t\t\t<div class=\"elementor-widget-container\">\n\t\t\t\t\t<h3 class=\"elementor-heading-title elementor-size-default\">\u00cates-vous en traitement ?<\/h3>\t\t\t\t<\/div>\n\t\t\t\t<\/div>\n\t\t\t\t\t<\/div>\n\t\t<\/div>\n\t\t\t\t\t<\/div>\n\t\t<\/section>\n\t\t\t\t<section class=\"elementor-section elementor-top-section elementor-element elementor-element-feb9f39 elementor-section-boxed elementor-section-height-default elementor-section-height-default\" data-id=\"feb9f39\" data-element_type=\"section\">\n\t\t\t\t\t\t<div class=\"elementor-container elementor-column-gap-default\">\n\t\t\t\t\t<div class=\"elementor-column elementor-col-100 elementor-top-column elementor-element elementor-element-f80d276\" data-id=\"f80d276\" data-element_type=\"column\">\n\t\t\t<div class=\"elementor-widget-wrap elementor-element-populated\">\n\t\t\t\t\t\t<div class=\"elementor-element elementor-element-798888f elementor-widget elementor-widget-image\" data-id=\"798888f\" data-element_type=\"widget\" data-widget_type=\"image.default\">\n\t\t\t\t<div class=\"elementor-widget-container\">\n\t\t\t\t\t\t\t\t\t\t\t\t\t\t\t<img decoding=\"async\" src=\"https:\/\/www.pronokal.com\/es\/wp-content\/uploads\/2020\/11\/compra-telefono.png\" title=\"\" alt=\"\" loading=\"lazy\" \/>\t\t\t\t\t\t\t\t\t\t\t\t\t\t\t<\/div>\n\t\t\t\t<\/div>\n\t\t\t\t<div class=\"elementor-element elementor-element-9411062 elementor-widget elementor-widget-heading\" data-id=\"9411062\" data-element_type=\"widget\" data-widget_type=\"heading.default\">\n\t\t\t\t<div class=\"elementor-widget-container\">\n\t\t\t\t\t<h4 class=\"elementor-heading-title elementor-size-default\">Conseils par t\u00e9l\u00e9phone<\/h4>\t\t\t\t<\/div>\n\t\t\t\t<\/div>\n\t\t\t\t<div class=\"elementor-element elementor-element-02cde1d elementor-widget elementor-widget-text-editor\" data-id=\"02cde1d\" data-element_type=\"widget\" data-widget_type=\"text-editor.default\">\n\t\t\t\t<div class=\"elementor-widget-container\">\n\t\t\t\t\t\t\t\t\t<p style=\"text-align: center;\">Demander notre service <a href=\"https:\/\/outlook.office365.com\/owa\/calendar\/rendezvousdieteticiens@pronokal.com\/bookings\/\" target=\"_blank\" rel=\"noopener\"><strong>Rendez-vous pour un coaching nutritionnel Conseil t\u00e9l\u00e9phonique<\/strong><\/a><\/p>\n\n<p style=\"text-align: center;\">Vous pouvez \u00e9galement nous appeler au <strong><a href=\"tel:0032038082991\">038 082 991<\/a><\/strong> <strong>pour tout probl\u00e8me li\u00e9 \u00e0 votre traitement<\/strong>, \u00e0 la gestion des commandes, aux incidents, aux doutes, etc.<\/p>\t\t\t\t\t\t\t\t<\/div>\n\t\t\t\t<\/div>\n\t\t\t\t\t<\/div>\n\t\t<\/div>\n\t\t\t\t\t<\/div>\n\t\t<\/section>\n\t\t\t\t<section class=\"elementor-section elementor-top-section elementor-element elementor-element-951692f elementor-section-boxed elementor-section-height-default elementor-section-height-default\" data-id=\"951692f\" data-element_type=\"section\">\n\t\t\t\t\t\t<div class=\"elementor-container elementor-column-gap-default\">\n\t\t\t\t\t<div class=\"elementor-column elementor-col-100 elementor-top-column elementor-element elementor-element-d872cd4\" data-id=\"d872cd4\" data-element_type=\"column\">\n\t\t\t<div class=\"elementor-widget-wrap elementor-element-populated\">\n\t\t\t\t\t\t<div class=\"elementor-element elementor-element-9e454ba elementor-widget elementor-widget-heading\" data-id=\"9e454ba\" data-element_type=\"widget\" data-widget_type=\"heading.default\">\n\t\t\t\t<div class=\"elementor-widget-container\">\n\t\t\t\t\t<h3 class=\"elementor-heading-title elementor-size-default\">Voulez-vous plus d'informations sur la m\u00e9thode PronoKal ?<\/h3>\t\t\t\t<\/div>\n\t\t\t\t<\/div>\n\t\t\t\t<div class=\"elementor-element elementor-element-b5f02de elementor-widget elementor-widget-text-editor\" data-id=\"b5f02de\" data-element_type=\"widget\" data-widget_type=\"text-editor.default\">\n\t\t\t\t<div class=\"elementor-widget-container\">\n\t\t\t\t\t\t\t\t\t<p style=\"text-align: center;\">Appelez-nous au <strong><a href=\"tel:003238081762\">210 201 558<\/a><\/strong> et nous vous expliquerons comment cela fonctionne, sans aucune obligation.<\/p>\n<p style=\"text-align: center;\">Pr\u00e9f\u00e9rez-vous que nous vous appelions ?<\/p>\n<p style=\"text-align: center;\"><strong>Remplissez le formulaire ci-dessous <\/strong> et nous vous contacterons dans les plus brefs d\u00e9lais:<\/p>\t\t\t\t\t\t\t\t<\/div>\n\t\t\t\t<\/div>\n\t\t\t\t\t<\/div>\n\t\t<\/div>\n\t\t\t\t\t<\/div>\n\t\t<\/section>\n\t\t\t\t<\/div>\n\t\t","protected":false},"excerpt":{"rendered":"\u00cates-vous en traitement ? Conseils par t\u00e9l\u00e9phone Demander notre service Rendez-vous pour un coaching nutritionnel Conseil t\u00e9l\u00e9phonique Vous pouvez \u00e9galement nous appeler au 038 082 991 pour tout probl\u00e8me li\u00e9 \u00e0 votre traitement, \u00e0 la gestion des commandes, aux incidents, aux doutes, etc. Voulez-vous plus d&rsquo;informations sur la m\u00e9thode PronoKal ? Appelez-nous au 210 201 [&hellip;]","protected":false},"author":5,"featured_media":0,"parent":0,"menu_order":0,"comment_status":"closed","ping_status":"closed","template":"","meta":{"footnotes":""},"class_list":["post-14272","page","type-page","status-publish","hentry"],"acf":[],"_links":{"self":[{"href":"https:\/\/www.pronokal.com\/be-fr\/wp-json\/wp\/v2\/pages\/14272","targetHints":{"allow":["GET"]}}],"collection":[{"href":"https:\/\/www.pronokal.com\/be-fr\/wp-json\/wp\/v2\/pages"}],"about":[{"href":"https:\/\/www.pronokal.com\/be-fr\/wp-json\/wp\/v2\/types\/page"}],"author":[{"embeddable":true,"href":"https:\/\/www.pronokal.com\/be-fr\/wp-json\/wp\/v2\/users\/5"}],"replies":[{"embeddable":true,"href":"https:\/\/www.pronokal.com\/be-fr\/wp-json\/wp\/v2\/comments?post=14272"}],"version-history":[{"count":7,"href":"https:\/\/www.pronokal.com\/be-fr\/wp-json\/wp\/v2\/pages\/14272\/revisions"}],"predecessor-version":[{"id":14375,"href":"https:\/\/www.pronokal.com\/be-fr\/wp-json\/wp\/v2\/pages\/14272\/revisions\/14375"}],"wp:attachment":[{"href":"https:\/\/www.pronokal.com\/be-fr\/wp-json\/wp\/v2\/media?parent=14272"}],"curies":[{"name":"wp","href":"https:\/\/api.w.org\/{rel}","templated":true}]}}