{"id":12369,"date":"2020-03-11T22:15:44","date_gmt":"2020-03-11T20:15:44","guid":{"rendered":"https:\/\/www.pronokal.com\/be-nl\/?page_id=12369"},"modified":"2020-03-24T11:36:06","modified_gmt":"2020-03-24T09:36:06","slug":"juridische-kennisgeving","status":"publish","type":"page","link":"https:\/\/www.pronokal.com\/be-nl\/de-pnk-methode\/juridische-kennisgeving\/","title":{"rendered":"Juridische kennisgeving"},"content":{"rendered":"<h1>Mentions L\u00e9gales<\/h1>\n<p style=\"margin-top: 0px; margin-bottom: 1rem; line-height: 20px; color: #585858; background-color: #ffffff;\">Conform\u00e9ment aux dispositions \u00e9tablies dans le R\u00e8glement g\u00e9n\u00e9ral sur la protection des donn\u00e9es (R\u00e8glement 2016\/679 du 27 avril 2016) et dans la loi belge relative \u00e0 la protection de la vie priv\u00e9e (loi du 8 d\u00e9cembre 1992), nous vous communiquons que les donn\u00e9es \u00e0 caract\u00e8re personnel que vous nous avez fournies dans le pr\u00e9sent formulaire seront enregistr\u00e9es dans un fichier automatis\u00e9 inscrit au Registre de protection des donn\u00e9es, propri\u00e9t\u00e9 de PronoKal Group.<\/p>\n<p style=\"margin-top: 0px; margin-bottom: 1rem; line-height: 20px; color: #585858; background-color: #ffffff;\">PronoKal Group traite vos donn\u00e9es \u00e0 caract\u00e8re personnel pour (i) pouvoir r\u00e9pondre aux questions que vous nous posez et pour pouvoir vous transmettre les informations sollicit\u00e9es, et \u00e9galement pour (ii) vous envoyer r\u00e9guli\u00e8rement des messages commerciaux (notamment par e-mail) sur nos produits, nos services et\/ou nos promotions susceptibles de vous int\u00e9resser.<\/p>\n<p style=\"margin-top: 0px; margin-bottom: 1rem; line-height: 20px; color: #585858; background-color: #ffffff;\">En soumettant le pr\u00e9sent formulaire, vous nous autorisez express\u00e9ment \u00e0 traiter vos donn\u00e9es \u00e0 caract\u00e8re personnel pour les finalit\u00e9s d\u00e9crites ci-dessus, ainsi qu\u2019\u00e0 transf\u00e9rer vos donn\u00e9es \u00e0 d\u2019autres entreprises de PronoKal Group qui op\u00e8rent toutes dans le m\u00eame secteur d&#8217;activit\u00e9, avec des objectifs identiques aux objectifs \u00e9num\u00e9r\u00e9s dans le paragraphe ant\u00e9rieur, et ce dans le monde entier. PronoKal Group est pr\u00e9sent dans des pays situ\u00e9s en dehors de la Zone \u00e9conomique europ\u00e9enne. En mati\u00e8re de protection des donn\u00e9es, ces pays appliquent des l\u00e9gislations diff\u00e9rentes des l\u00e9gislations en vigueur dans les pays europ\u00e9ens. Dans tous les cas, vous pouvez consulter les informations sur nos entreprises appartenant \u00e0 PronoKal Group.<\/p>\n<p style=\"margin-top: 0px; margin-bottom: 1rem; line-height: 20px; color: #585858; background-color: #ffffff;\">Vous garantissez que les donn\u00e9es \u00e0 caract\u00e8re personnel que vous nous fournissez sont correctes et vous avez la responsabilit\u00e9 de nous informer de toutes modifications apport\u00e9es \u00e0 ces donn\u00e9es. Vous garantissez \u00e9galement que vous \u00eates \u00e2g\u00e9(e) de plus de 16 ans, \u00e0 savoir l\u2019\u00e2ge minimum l\u00e9gal pour acc\u00e9der aux services qui sont propos\u00e9s sur ce site Web.<\/p>\n<p style=\"margin-top: 0px; margin-bottom: 1rem; line-height: 20px; color: #585858; background-color: #ffffff;\">Les champs marqu\u00e9s d\u2019un ast\u00e9risque (*) doivent \u00eatre remplis obligatoirement pour que nous puissions r\u00e9pondre \u00e0 votre demande.<\/p>\n<p style=\"margin-top: 0px; margin-bottom: 1rem; line-height: 20px; color: #585858; background-color: #ffffff;\">PROTEIN BENELUX BVBA\/SPRL ne conserve pas vos donn\u00e9es \u00e0 caract\u00e8re personnel plus longtemps que cela n&#8217;est strictement n\u00e9cessaire pour atteindre les objectifs pour lesquels vos donn\u00e9es sont collect\u00e9es. Vos donn\u00e9es ne sont pas conserv\u00e9es pendant plus d\u2019un an si aucun contrat n&#8217;est \u00e9tabli avec vous.<\/p>\n<p style=\"margin-top: 0px; margin-bottom: 1rem; line-height: 20px; color: #585858; background-color: #ffffff;\">Vous avez le droit de consulter, rectifier, supprimer, gratuitement et \u00e0 tout moment, vos donn\u00e9es \u00e0 caract\u00e8re personnel et d&#8217;exercer des droits d\u2019opposition. Vous pouvez envoyer une demande de consultation, rectification, suppression et\/ou d\u2019opposition, accompagn\u00e9e d\u2019une copie de votre carte d\u2019identit\u00e9, \u00e0 info.belgique@pronokalgroup.com ou \u00e0 l\u2019adresse postale de PronoKal Group \u00e0 2000 Anvers (Belgique), Bredestraat 4.<\/p>\n<p style=\"margin-top: 0px; margin-bottom: 1rem; line-height: 20px; color: #585858; background-color: #ffffff;\">PronoKal Group accorde beaucoup d\u2019importance \u00e0 la protection de vos donn\u00e9es et adopte les mesures appropri\u00e9es afin de pr\u00e9venir tout abus, toute perte, tout acc\u00e8s non autoris\u00e9, toute divulgation ind\u00e9sirable et toute modification non autoris\u00e9e de vos donn\u00e9es. Le site Web de PronoKal Group utilise un Certificat SSL fiable pour garantir que vos donn\u00e9es \u00e0 caract\u00e8re personnel ne tombent pas entre les mains de parties non appropri\u00e9es. Si vous avez l&#8217;impression que vos donn\u00e9es ne sont pas prot\u00e9g\u00e9es correctement, qu\u2019il existe des indices d&#8217;abus ou si vous souhaitez obtenir plus d\u2019informations sur la protection des donn\u00e9es \u00e0 caract\u00e8re personnel collect\u00e9es par PronoKal Group, veuillez contacter PronoKal Group en adressant un courrier \u00e9lectronique \u00e0 info.belgique@pronokalgroup.com ou une communication \u00e9crite \u00e0 l&#8217;adresse postale de PronoKal Group \u00e0 2000 Anvers (Belgique), Bredestraat 4.<\/p>\n","protected":false},"excerpt":{"rendered":"Mentions L\u00e9gales Conform\u00e9ment aux dispositions \u00e9tablies dans le R\u00e8glement g\u00e9n\u00e9ral sur la protection des donn\u00e9es (R\u00e8glement 2016\/679 du 27 avril 2016) et dans la loi belge relative \u00e0 la protection de la vie priv\u00e9e (loi du 8 d\u00e9cembre 1992), nous vous communiquons que les donn\u00e9es \u00e0 caract\u00e8re personnel que vous nous avez fournies dans le [&hellip;]","protected":false},"author":5,"featured_media":0,"parent":12335,"menu_order":0,"comment_status":"closed","ping_status":"closed","template":"template-modules-pnk.php","meta":{"footnotes":""},"class_list":["post-12369","page","type-page","status-publish","hentry"],"acf":[],"_links":{"self":[{"href":"https:\/\/www.pronokal.com\/be-nl\/wp-json\/wp\/v2\/pages\/12369","targetHints":{"allow":["GET"]}}],"collection":[{"href":"https:\/\/www.pronokal.com\/be-nl\/wp-json\/wp\/v2\/pages"}],"about":[{"href":"https:\/\/www.pronokal.com\/be-nl\/wp-json\/wp\/v2\/types\/page"}],"author":[{"embeddable":true,"href":"https:\/\/www.pronokal.com\/be-nl\/wp-json\/wp\/v2\/users\/5"}],"replies":[{"embeddable":true,"href":"https:\/\/www.pronokal.com\/be-nl\/wp-json\/wp\/v2\/comments?post=12369"}],"version-history":[{"count":4,"href":"https:\/\/www.pronokal.com\/be-nl\/wp-json\/wp\/v2\/pages\/12369\/revisions"}],"predecessor-version":[{"id":12459,"href":"https:\/\/www.pronokal.com\/be-nl\/wp-json\/wp\/v2\/pages\/12369\/revisions\/12459"}],"up":[{"embeddable":true,"href":"https:\/\/www.pronokal.com\/be-nl\/wp-json\/wp\/v2\/pages\/12335"}],"wp:attachment":[{"href":"https:\/\/www.pronokal.com\/be-nl\/wp-json\/wp\/v2\/media?parent=12369"}],"curies":[{"name":"wp","href":"https:\/\/api.w.org\/{rel}","templated":true}]}}