{"id":12375,"date":"2020-03-11T22:21:06","date_gmt":"2020-03-11T20:21:06","guid":{"rendered":"https:\/\/www.pronokal.com\/be-nl\/?page_id=12375"},"modified":"2020-03-24T11:32:14","modified_gmt":"2020-03-24T09:32:14","slug":"privacybeleid","status":"publish","type":"page","link":"https:\/\/www.pronokal.com\/be-nl\/de-pnk-methode\/voordelen\/privacybeleid\/","title":{"rendered":"Privacybeleid"},"content":{"rendered":"<h1>Politique de Confidentialit\u00e9<\/h1>\n<p>Etant donn\u00e9 que PronoKal (Protein Benelux SPRL) traite et collecte vos donn\u00e9es personnelles, nous devons attirer votre attention sur vos droits en tant qu&#8217;individu et ceci, conform\u00e9ment \u00e0 la l\u00e9gislation  europ\u00e9enne (GDPR) en la mati\u00e8re.<\/p>\n<p style=\"margin-top: 0px; margin-bottom: 1rem; line-height: 20px; color: #585858; background-color: #ffffff; text-align: justify;\">Les suivantes cat\u00e9gories de donn\u00e9es personnelles peuvent \u00eatre collect\u00e9es, stock\u00e9es et utilis\u00e9es :<\/p>\n<ul>\n<li>L\u2019information concernant votre visite et l&#8217;utilisation de notre site Web (comme votre adresse IP, votre emplacement g\u00e9ographique, le type de navigateur, la source de r\u00e9f\u00e9rence, la dur\u00e9e de votre visite et le nombre de pages consult\u00e9es) <\/li>\n<li>L\u2019information que vous nous fournissez lorsque vous remplissez les formulaires de contact sur notre site web ;<\/li>\n<li>L\u2019information que vous nous fournissez lorsque vous vous inscrivez pour recevoir les services de notre site Web, aux messages \u00e9lectroniques et\/ou aux bulletins d&#8217;information ;\n<\/li>\n<li>toute autre information que vous nous fournissez dans le cadre de l\u2019ex\u00e9cution de nos services lorsque vous faites appel \u00e0 eux.<\/li>\n<\/ul>\n<p style=\"margin-top: 0px; margin-bottom: 1rem; line-height: 20px; color: #585858; background-color: #ffffff; text-align: justify;\">Vos donn\u00e9es personnelles peuvent \u00eatre utilis\u00e9es pour :<\/p>\n<ul>\n<li>la gestion le site Web ;<\/li>\n<li>vous envoyer les courriels que vous avez sp\u00e9cifiquement demand\u00e9 d\u2019envoyer ;<\/li>\n<li>vous envoyer notre lettre d&#8217;information et d\u2019autres messages commerciaux relatifs au site Web et \u00e0 nos produits, services et\/ou promotions ;<\/li>\n<li>pour \u00eatre en mesure de r\u00e9pondre \u00e0 toutes les questions que vous nous posez et pour vous fournir tous les renseignements que vous avez demand\u00e9 ;<\/li>\n<li>\u00eatre en mesure de fournir nos services de mani\u00e8re optimale et, les cas \u00e9ch\u00e9ant, pour r\u00e9pondre \u00e0 toute obligation contractuelle ou l\u00e9gale ;<\/li>\n<\/ul>\n<p style=\"margin-top: 0px; margin-bottom: 1rem; line-height: 20px; color: #585858; background-color: #ffffff; text-align: justify;\">Lorsque vous fournissez des renseignements personnels pour publication sur notre site Web, ceux-ci seront publi\u00e9s ou utilis\u00e9s dans les limites du consentement que vous nous avez donn\u00e9. Sans votre consentement explicite, nous ne fournirons pas vos donn\u00e9es personnelles \u00e0 des tierces parties \u00e0 des fins de \u00ab direct marketing \u00bb.<\/p>\n<p style=\"margin-top: 0px; margin-bottom: 1rem; line-height: 20px; color: #585858; background-color: #ffffff; text-align: justify;\">Vos renseignements personnels peuvent \u00eatre divulgu\u00e9s \u00e0 nos employ\u00e9s, \u00e0 la direction, aux m\u00e9decins, fournisseurs ou partenaires avec qui nous travaillons, dans la mesure que ce soit n\u00e9cessaire pour les finalit\u00e9s d\u00e9crites dans la pr\u00e9sente politique de confidentialit\u00e9.<\/p>\n<p style=\"margin-top: 0px; margin-bottom: 1rem; line-height: 20px; color: #585858; background-color: #ffffff; text-align: justify;\">En outre, vos renseignements personnels peuvent \u00eatre diffus\u00e9s :<\/p>\n<ul>\n<li>dans la mesure o\u00f9 nous sommes l\u00e9galement oblig\u00e9s de le faire ;<\/li>\n<li>dans le cadre de proc\u00e9dures judiciaires ou de proc\u00e9dures judiciaires futures ;<\/li>\n<li>pour cr\u00e9er, exercer ou d\u00e9fendre nos droits l\u00e9gaux (y compris fournir des informations \u00e0 des tiers pour la pr\u00e9vention de la fraude et la r\u00e9duction du risque de cr\u00e9dit) ;<\/li>\n<\/ul>\n<p style=\"margin-top: 0px; margin-bottom: 1rem; line-height: 20px; color: #585858; background-color: #ffffff; text-align: justify;\">Sauf indication contraire dans la pr\u00e9sente politique de confidentialit\u00e9, vos donn\u00e9es ne seront pas divulgu\u00e9es \u00e0 des tiers.<\/p>\n<p style=\"margin-top: 0px; margin-bottom: 1rem; line-height: 20px; color: #585858; background-color: #ffffff; text-align: justify;\">Les donn\u00e9es que nous collectons peuvent \u00eatre stock\u00e9es, trait\u00e9es dans et transf\u00e9r\u00e9es entre les pays dans lesquels nous op\u00e9rons, afin que nous puissions utiliser les donn\u00e9es conform\u00e9ment \u00e0 cette d\u00e9claration de confidentialit\u00e9.  Lorsque vous \u00eates dans l&#8217;EEE (Espace \u00e9conomique europ\u00e9en), les donn\u00e9es que vous fournissez peuvent \u00eatre transf\u00e9r\u00e9es vers des pays qui n&#8217;ont pas de lois sur la protection des donn\u00e9es personnelles similaires \u00e0 celles en vigueur dans l&#8217;EEE. En outre, les donn\u00e9es personnelles que vous fournissez pour la publication sur le site Web seront publi\u00e9es sur l\u2019Internet et peuvent devenir disponibles et accessible \u00e0 travers le monde entier via l\u2019Internet.<\/p>\n<p style=\"margin-top: 0px; margin-bottom: 1rem; line-height: 20px; color: #585858; background-color: #ffffff; text-align: justify;\">Vous acceptez express\u00e9ment de tels transferts d&#8217;informations personnelles.<\/p>\n<p style=\"margin-top: 0px; margin-bottom: 1rem; line-height: 20px; color: #585858; background-color: #ffffff; text-align: justify;\">Des mesures de pr\u00e9cautions techniques et organisationnelles seront prises pour \u00e9viter la perte, l\u2019abus ou la modification de vos donn\u00e9es personnelles.<\/p>\n<p style=\"margin-top: 0px; margin-bottom: 1rem; line-height: 20px; color: #585858; background-color: #ffffff; text-align: justify;\">Cette politique de confidentialit\u00e9 peut \u00eatre mise \u00e0 jour par la publication d&#8217;une nouvelle version sur notre site Web. Nous vous recommandons de consulter cette page de temps \u00e0 autre pour vous assurer que vous \u00eates satisfait de ces changements.<\/p>\n<p style=\"margin-top: 0px; margin-bottom: 1rem; line-height: 20px; color: #585858; background-color: #ffffff; text-align: justify;\">Vos donn\u00e9es seront conserv\u00e9es aussi longtemps que n\u00e9cessaire aux fins d\u00e9crites ci-dessus et, au plus tard, jusqu&#8217;\u00e0 ce que vous retiriez votre autorisation de les garder.<\/p>\n<p style=\"margin-top: 0px; margin-bottom: 1rem; line-height: 20px; color: #585858; background-color: #ffffff; text-align: justify;\">Profils sur les r\u00e9seaux sociaux<\/p>\n<p style=\"margin-top: 0px; margin-bottom: 1rem; line-height: 20px; color: #585858; background-color: #ffffff; text-align: justify;\">PronoKal a des profils sur divers m\u00e9dias de communication sociale sur l\u2019Internet et est donc responsable du traitement des donn\u00e9es de ses followers, fans, abonn\u00e9s et autres profils d&#8217;utilisateurs qui peuvent \u00eatre cr\u00e9\u00e9s suite \u00e0 la participation \u00e0 ces m\u00e9dias. PronoKal traitera les donn\u00e9es recueillies sur ces supports en fonction des param\u00e8tres de chaque r\u00e9seau social sur lequel elle est pr\u00e9sente en tant qu&#8217;entreprise et, en tout cas, d\u2019apr\u00e8s les r\u00e8gles applicables en mati\u00e8re de protection des donn\u00e9es. PronoKal ne collectera pas les donn\u00e9es qui reviennent de ces r\u00e9seaux sociaux sans le consentement pr\u00e9alable, explicite et \u00e9crit de l&#8217;utilisateur concern\u00e9.<\/p>\n<p style=\"margin-top: 0px; margin-bottom: 1rem; line-height: 20px; color: #585858; background-color: #ffffff; text-align: justify;\">Cookies<\/p>\n<p style=\"margin-top: 0px; margin-bottom: 1rem; line-height: 20px; color: #585858; background-color: #ffffff; text-align: justify;\">PronoKal utilise des &#8220;cookies&#8221;, c&#8217;est-\u00e0-dire de petits fichiers texte qui se trouvent sur le disque dur de l&#8217;ordinateur de l&#8217;utilisateur et qui stockent de l\u2019information concernant l&#8217;utilisation d&#8217;un site Web particulier afin de faciliter et de personnaliser la navigation. Les cookies ne peuvent \u00eatre lus que par le serveur qui les a plac\u00e9s sur le disque dur et ne peuvent pas ex\u00e9cuter un programme ou un virus.<\/p>\n<p style=\"margin-top: 0px; margin-bottom: 1rem; line-height: 20px; color: #585858; background-color: #ffffff; text-align: justify;\">PronoKal utilise des cookies de session afin que l&#8217;utilisateur puisse naviguer sur le site web et visiter les diff\u00e9rentes parties du site web correctement. Ils sont supprim\u00e9s \u00e0 la fin de la session de l&#8217;utilisateur. PronoKal utilise \u00e9galement des cookies analytiques install\u00e9s par Google Analytics, un service fourni par Google, Inc. situ\u00e9 \u00e0 Delaware, 1600 Amphitheatre Parkway, Mountain View (Californie), CA 94043, \u00c9tats-Unis (&#8220;Google&#8221;). Les cookies utilis\u00e9s par Google Analytics analysent de mani\u00e8re statistique et anonyme comment les utilisateurs utilisent le site Web. Ces types de cookies ne sont qu\u2019install\u00e9s avec le consentement pr\u00e9alable de l&#8217;utilisateur. Les informations g\u00e9n\u00e9r\u00e9es par ces cookies (y compris votre adresse IP) sont directement transmises par Google et stock\u00e9es sur ses serveurs aux Etats-Unis. Google utilisera ces informations au nom de PronoKal dans le but d&#8217;\u00e9valuer l&#8217;utilisation de son site Web et de r\u00e9diger des rapports statistiques d&#8217;activit\u00e9s, y compris des informations sur l&#8217;origine des visites, les parties les plus fr\u00e9quemment visit\u00e9es, etc. Google peut \u00e9galement transmettre ces informations \u00e0 des tiers lorsque la loi l&#8217;exige ou lorsque ces tiers traitent ces informations au nom de Google. Google n&#8217;associera pas votre adresse IP avec d&#8217;autres donn\u00e9es d\u00e9tenues par Google.<\/p>\n<p style=\"margin-top: 0px; margin-bottom: 1rem; line-height: 20px; color: #585858; background-color: #ffffff; text-align: justify;\">Cliquez ici si vous souhaitez obtenir plus d&#8217;informations sur les cookies utilis\u00e9s par le service Google Analytics. Google Analytics a \u00e9galement d\u00e9velopp\u00e9 un outil que les utilisateurs peuvent installer dans leur navigateur s&#8217;ils ne veulent pas \u00eatre suivis par des cookies :<\/p>\n<p style=\"margin-top: 0px; margin-bottom: 1rem; line-height: 20px; color: #585858; background-color: #ffffff; text-align: justify;\">https:\/\/tools.google.com\/dlpage\/gaoptout?hl=es.<\/p>\n<p style=\"margin-top: 0px; margin-bottom: 1rem; line-height: 20px; color: #585858; background-color: #ffffff; text-align: justify;\">Sites de tierce parties<\/p>\n<p style=\"margin-top: 0px; margin-bottom: 1rem; line-height: 20px; color: #585858; background-color: #ffffff; text-align: justify;\">Le site Web peut contenir des liens vers d&#8217;autres sites Web. Nous ne sommes pas responsables des politiques de confidentialit\u00e9 ou des pratiques des sites Web de tierce parties.<\/p>\n<p style=\"margin-top: 0px; margin-bottom: 1rem; line-height: 20px; color: #585858; background-color: #ffffff; text-align: justify;\">Vos droits<\/p>\n<p style=\"margin-top: 0px; margin-bottom: 1rem; line-height: 20px; color: #585858; background-color: #ffffff; text-align: justify;\">A premi\u00e8re demande, l\u2019information suivante vous sera gratuitement fournie dans un d\u00e9lai raisonnable de maximum un mois :<\/p>\n<ul>\n<li>quelles donn\u00e9es personnelles sont conserv\u00e9es ?<\/li>\n<li>\u00e0 quels fins ces donn\u00e9es sont conserv\u00e9es ?<\/li>\n<li>Quelle est la dur\u00e9e probable de la conservation des donn\u00e9es ? <\/li>\n<li>Le cas \u00e9ch\u00e9ant, \u00e0 qui est-ce que les donn\u00e9es sont transmis ?<\/li>\n<li>Le cas \u00e9ch\u00e9ant, est-ce que les donn\u00e9es sont utilis\u00e9s pour la prise de d\u00e9cisions automatis\u00e9es et dans la positive, quelle est la logique sous-jacente, et quelles sont les cons\u00e9quences probables d&#8217;un tel traitement ?<\/li>\n<\/ul>\n<p style=\"margin-top: 0px; margin-bottom: 1rem; line-height: 20px; color: #585858; background-color: #ffffff; text-align: justify;\">En compl\u00e9ment de la fourniture de l\u2019information mentionn\u00e9e ci-dessus dans un d\u00e9lai raisonnable (de maximum un mois), nous attirons votre attention sur les droits suivants que vous pouvez exercer si vous le souhaitez :<\/p>\n<p style=\"margin-top: 0px; margin-bottom: 1rem; line-height: 20px; color: #585858; background-color: #ffffff; text-align: justify;\">le droit de rectification : si vous estimez que certaines donn\u00e9es que nous traitons, sont incorrectes ou incompl\u00e8tes, vous avez le droit de demander qu&#8217;elles soient rectifi\u00e9es ou compl\u00e9t\u00e9es par la remise d\u2019une d\u00e9claration suppl\u00e9mentaire.<\/p>\n<p style=\"margin-top: 0px; margin-bottom: 1rem; line-height: 20px; color: #585858; background-color: #ffffff; text-align: justify;\">le droit \u00e0 l&#8217;effacement, mieux connu sous la d\u00e9nomination \u00ab le droit \u00e0 l&#8217;oubli \u00bb : vous avez le droit d&#8217;exiger que vos donn\u00e9es personnelles soient effac\u00e9es ou supprim\u00e9es dans les cas suivants :<\/p>\n<ul>\n<li>si elles ne sont plus n\u00e9cessaires aux fins pour lesquelles elles ont \u00e9t\u00e9 collect\u00e9es ou trait\u00e9es ;<\/li>\n<li>si ces donn\u00e9es sont trait\u00e9es suite \u00e0 votre propre consentement et que vous souhaitez retirer ce consentement, \u00e0 condition qu&#8217;il n&#8217;existe aucune autre base l\u00e9gale qui nous permet tout de m\u00eame le traitement de ces donn\u00e9es ;<\/li>\n<li>si vous vous opposez au traitement et qu&#8217;il n&#8217;existe aucun fondement justifi\u00e9 et contraignant qui permet tout de m\u00eame le traitement ;<\/li>\n<li>si vous estim\u00e9s que les donn\u00e9es ont d\u00e8s le d\u00e9part \u00e9t\u00e9 trait\u00e9es de mani\u00e8re ill\u00e9gale;<\/li>\n<li>si la suppression doit avoir lieu pour se conformer \u00e0 une obligation l\u00e9gale ;<\/li>\n<li>si les donn\u00e9es ont \u00e9t\u00e9 recueillies dans le cadre d&#8217;une offre de services de la soci\u00e9t\u00e9 de l&#8217;information \u00e0 un enfant ;<\/li>\n<\/ul>\n<p style=\"margin-top: 0px; margin-bottom: 1rem; line-height: 20px; color: #585858; background-color: #ffffff; text-align: justify;\">le droit de limiter le traitement : vous avez le droit de demander que le traitement de vos donn\u00e9es personnelles soit limit\u00e9 dans les cas suivants :<\/p>\n<ul>\n<li>si l&#8217;exactitude\/compl\u00e9tude des donn\u00e9es personnelles est contest\u00e9e et ce pendant la p\u00e9riode que PronoKal a besoin pour v\u00e9rifier l&#8217;exactitude ;<\/li>\n<li>si le traitement s&#8217;av\u00e8re ill\u00e9gal, mais vous optez de limiter le traitement au lieu d&#8217;effacer compl\u00e8tement les donn\u00e9es ;<\/li>\n<li>si la conservation des donn\u00e9es personnelles n&#8217;est plus n\u00e9cessaire aux fins pour lesquelles elles ont \u00e9t\u00e9 collect\u00e9es, mais que vous en avez besoin pour entamer, exercer ou  fonder une action juridique ;<\/li>\n<li>si vous vous \u00eates oppos\u00e9 au traitement en attendant une r\u00e9ponse \u00e0 cette objection ;<\/li>\n<\/ul>\n<p style=\"margin-top: 0px; margin-bottom: 1rem; line-height: 20px; color: #585858; background-color: #ffffff; text-align: justify;\">le droit \u00e0 recevoir une copie \u00e9lectronique et \u00e0 la transf\u00e9rabilit\u00e9 : vous avez le droit &#8211; si le traitement de vos donn\u00e9es personnelles est bas\u00e9 sur votre consentement &#8211; d&#8217;obtenir une copie de ces donn\u00e9es, sous forme structur\u00e9e, commun\u00e9ment utilis\u00e9 et \u00e9lectronique, si le traitement de ces donn\u00e9es a effectivement \u00e9t\u00e9 effectu\u00e9 au moyen d\u2019un processus automatis\u00e9, ainsi que le droit de demander que cette copie soit transf\u00e9r\u00e9e \u00e0 un autre sous-traitant ;<\/p>\n<p style=\"margin-top: 0px; margin-bottom: 1rem; line-height: 20px; color: #585858; background-color: #ffffff; text-align: justify;\">\n<p style=\"margin-top: 0px; margin-bottom: 1rem; line-height: 20px; color: #585858; background-color: #ffffff; text-align: justify;\">le droit d&#8217;opposition : si le traitement est effectu\u00e9 dans l&#8217;int\u00e9r\u00eat public ou dans le but de promouvoir un int\u00e9r\u00eat l\u00e9gitime, vous avez le droit de vous opposer \u00e0 ce traitement, ainsi qu&#8217;au profilage, et en cas de traitement \u00e0 des fins de direct marketing;<\/p>\n<p style=\"margin-top: 0px; margin-bottom: 1rem; line-height: 20px; color: #585858; background-color: #ffffff; text-align: justify;\">le droit de d\u00e9poser une plainte : si vous estimez que vos droits ont \u00e9t\u00e9 viol\u00e9s conform\u00e9ment \u00e0 la r\u00e9glementation europ\u00e9enne applicable, vous avez la possibilit\u00e9 de d\u00e9poser une plainte aupr\u00e8s de l&#8217;autorit\u00e9 nationale charg\u00e9e de la protection des donn\u00e9es.<\/p>\n<p style=\"margin-top: 0px; margin-bottom: 1rem; line-height: 20px; color: #585858; background-color: #ffffff; text-align: justify;\">Les demandes pr\u00e9cit\u00e9es peuvent \u00eatre refus\u00e9es ou les r\u00e9ponses peuvent \u00eatre limit\u00e9es, afin de sauvegarder la s\u00e9curit\u00e9 nationale, la d\u00e9fense du pays, la s\u00e9curit\u00e9 publique, la pr\u00e9vention, l&#8217;investigation, la d\u00e9tection et la poursuite d&#8217;infractions p\u00e9nales, d&#8217;autres objectifs d&#8217;int\u00e9r\u00eat public, la protection de l&#8217;ind\u00e9pendance du pouvoir judiciaire et des proc\u00e9dures judiciaires, la pr\u00e9vention, l&#8217;investigation, la d\u00e9tection et la poursuite de violations de la d\u00e9ontologie, un devoir de surveillance, d&#8217;inspection ou de r\u00e9glementation li\u00e9 \u00e0 l&#8217;exercice de l&#8217;autorit\u00e9 publique, la protection de la personne concern\u00e9e ou des droits et libert\u00e9s d&#8217;autrui, la collecte de cr\u00e9ances civiles.<\/p>\n<p style=\"margin-top: 0px; margin-bottom: 1rem; line-height: 20px; color: #585858; background-color: #ffffff; text-align: justify;\">Contact<\/p>\n<p style=\"margin-top: 0px; margin-bottom: 1rem; line-height: 20px; color: #585858; background-color: #ffffff; text-align: justify;\">Pour exercer vos droits, vous pouvez \u00e0 tout moment en faire la demande par \u00e9crit \u00e0 <a style=\"color: #a68d49; touch-action: manipulation;\" href=\"mailto:info.belgique@pronokalgroup.com\">info.belgique@pronokalgroup.com<\/a><\/p>\n<p style=\"margin-top: 0px; margin-bottom: 1rem; line-height: 20px; color: #585858; background-color: #ffffff; text-align: justify;\">La demande contient au moins les informations suivantes :<\/p>\n<ul>\n<li>nom et pr\u00e9nom entier, adresse, date de naissance<\/li>\n<li>une copie d&#8217;une carte d&#8217;identit\u00e9 valide ou autre moyen d&#8217;identification<\/li>\n<\/ul>\n<p style=\"margin-top: 0px; margin-bottom: 1rem; line-height: 20px; color: #585858; background-color: #ffffff; text-align: justify;\">Si la demande est pr\u00e9sent\u00e9e par un repr\u00e9sentant l\u00e9gal ou par un mandataire agissant au nom de la personne concern\u00e9e, la demande doit \u00eatre accompagn\u00e9e d&#8217;une preuve du mandat ou de l\u2019autorisation de repr\u00e9sentation, d&#8217;une copie d&#8217;une carte d&#8217;identit\u00e9 valide ou d&#8217;un autre titre d&#8217;identit\u00e9 de la personne concern\u00e9e et du demandeur (\u00e0 moins que ce dernier soit un avocat).<\/p>\n<p style=\"margin-top: 0px; margin-bottom: 1rem; line-height: 20px; color: #585858; background-color: #ffffff; text-align: justify;\">La r\u00e9ponse \u00e0 cette demande sera sans charges ou frais, et sera donn\u00e9e dans un d\u00e9lai maximum d&#8217;un mois, pour autant que l\u2019information n\u00e9cessaire mentionn\u00e9e ci-dessus soit donn\u00e9e.<\/p>\n","protected":false},"excerpt":{"rendered":"Politique de Confidentialit\u00e9 Etant donn\u00e9 que PronoKal (Protein Benelux SPRL) traite et collecte vos donn\u00e9es personnelles, nous devons attirer votre attention sur vos droits en tant qu&#8217;individu et ceci, conform\u00e9ment \u00e0 la l\u00e9gislation europ\u00e9enne (GDPR) en la mati\u00e8re. Les suivantes cat\u00e9gories de donn\u00e9es personnelles peuvent \u00eatre collect\u00e9es, stock\u00e9es et utilis\u00e9es : L\u2019information concernant votre visite [&hellip;]","protected":false},"author":5,"featured_media":0,"parent":12337,"menu_order":0,"comment_status":"closed","ping_status":"closed","template":"template-modules-pnk.php","meta":{"footnotes":""},"class_list":["post-12375","page","type-page","status-publish","hentry"],"acf":[],"_links":{"self":[{"href":"https:\/\/www.pronokal.com\/be-nl\/wp-json\/wp\/v2\/pages\/12375","targetHints":{"allow":["GET"]}}],"collection":[{"href":"https:\/\/www.pronokal.com\/be-nl\/wp-json\/wp\/v2\/pages"}],"about":[{"href":"https:\/\/www.pronokal.com\/be-nl\/wp-json\/wp\/v2\/types\/page"}],"author":[{"embeddable":true,"href":"https:\/\/www.pronokal.com\/be-nl\/wp-json\/wp\/v2\/users\/5"}],"replies":[{"embeddable":true,"href":"https:\/\/www.pronokal.com\/be-nl\/wp-json\/wp\/v2\/comments?post=12375"}],"version-history":[{"count":7,"href":"https:\/\/www.pronokal.com\/be-nl\/wp-json\/wp\/v2\/pages\/12375\/revisions"}],"predecessor-version":[{"id":12456,"href":"https:\/\/www.pronokal.com\/be-nl\/wp-json\/wp\/v2\/pages\/12375\/revisions\/12456"}],"up":[{"embeddable":true,"href":"https:\/\/www.pronokal.com\/be-nl\/wp-json\/wp\/v2\/pages\/12337"}],"wp:attachment":[{"href":"https:\/\/www.pronokal.com\/be-nl\/wp-json\/wp\/v2\/media?parent=12375"}],"curies":[{"name":"wp","href":"https:\/\/api.w.org\/{rel}","templated":true}]}}