{"id":13070,"date":"2021-08-25T10:32:29","date_gmt":"2021-08-25T08:32:29","guid":{"rendered":"https:\/\/www.pronokal.com\/ch-fr\/?page_id=13070"},"modified":"2021-08-25T10:37:07","modified_gmt":"2021-08-25T08:37:07","slug":"politique-en-matiere-de-cookies","status":"publish","type":"page","link":"https:\/\/www.pronokal.com\/ch-fr\/politique-en-matiere-de-cookies\/","title":{"rendered":"Politique en mati\u00e8re de cookies"},"content":{"rendered":"\t\t<div data-elementor-type=\"wp-page\" data-elementor-id=\"13070\" class=\"elementor elementor-13070\" data-elementor-post-type=\"page\">\n\t\t\t\t\t\t<section class=\"elementor-section elementor-top-section elementor-element elementor-element-c3d84fe elementor-section-boxed elementor-section-height-default elementor-section-height-default\" data-id=\"c3d84fe\" data-element_type=\"section\">\n\t\t\t\t\t\t<div class=\"elementor-container elementor-column-gap-default\">\n\t\t\t\t\t<div class=\"elementor-column elementor-col-100 elementor-top-column elementor-element elementor-element-f7bf62f\" data-id=\"f7bf62f\" data-element_type=\"column\">\n\t\t\t<div class=\"elementor-widget-wrap elementor-element-populated\">\n\t\t\t\t\t\t<div class=\"elementor-element elementor-element-1cc6ec5 elementor-widget elementor-widget-heading\" data-id=\"1cc6ec5\" data-element_type=\"widget\" data-widget_type=\"heading.default\">\n\t\t\t\t<div class=\"elementor-widget-container\">\n\t\t\t\t\t<h1 class=\"elementor-heading-title elementor-size-default\">Politique en mati\u00e8re de Cookies<\/h1>\t\t\t\t<\/div>\n\t\t\t\t<\/div>\n\t\t\t\t\t<\/div>\n\t\t<\/div>\n\t\t\t\t\t<\/div>\n\t\t<\/section>\n\t\t\t\t<section class=\"elementor-section elementor-top-section elementor-element elementor-element-24d12f9 elementor-section-boxed elementor-section-height-default elementor-section-height-default\" data-id=\"24d12f9\" data-element_type=\"section\">\n\t\t\t\t\t\t<div class=\"elementor-container elementor-column-gap-default\">\n\t\t\t\t\t<div class=\"elementor-column elementor-col-33 elementor-top-column elementor-element elementor-element-5f0906c\" data-id=\"5f0906c\" data-element_type=\"column\">\n\t\t\t<div class=\"elementor-widget-wrap\">\n\t\t\t\t\t\t\t<\/div>\n\t\t<\/div>\n\t\t\t\t<div class=\"elementor-column elementor-col-33 elementor-top-column elementor-element elementor-element-d166535\" data-id=\"d166535\" data-element_type=\"column\">\n\t\t\t<div class=\"elementor-widget-wrap elementor-element-populated\">\n\t\t\t\t\t\t<div class=\"elementor-element elementor-element-38143ee elementor-widget elementor-widget-text-editor\" data-id=\"38143ee\" data-element_type=\"widget\" data-widget_type=\"text-editor.default\">\n\t\t\t\t<div class=\"elementor-widget-container\">\n\t\t\t\t\t\t\t\t\t<p><strong>QUE SONT LES COOKIES ?<\/strong><\/p><p>Un cookie est un fichier qui est t\u00e9l\u00e9charg\u00e9 sur votre ordinateur lorsque vous acc\u00e9dez \u00e0 certaines pages Internet. Les cookies permettent \u00e0 un site Internet, entre autres, de stocker et de r\u00e9cup\u00e9rer des informations sur les habitudes de navigation d&rsquo;un utilisateur ou de son \u00e9quipement et, en fonction des informations qu&rsquo;ils contiennent et de la mani\u00e8re dont il utilise son ordinateur, ils peuvent \u00eatre utilis\u00e9s pour reconna\u00eetre l&rsquo;utilisateur. Les cookies sont uniquement associ\u00e9s \u00e0 un utilisateur anonyme et \u00e0 son ordinateur ou dispositif et ne fournissent pas de r\u00e9f\u00e9rences permettant de conna\u00eetre ses donn\u00e9es \u00e0 caract\u00e8re personnel.<\/p><p>\u00a0<\/p><p><strong>COOKIES CONCERN\u00c9S PAR LA R\u00c9GLEMENTATION ET COOKIES EXEMPT\u00c9S<\/strong><\/p><p>Selon la directive europ\u00e9enne, les cookies requ\u00e9rant le consentement \u00e9clair\u00e9 de l&rsquo;utilisateur sont les cookies analytiques et les cookies de publicit\u00e9 et d&rsquo;affiliation, \u00e0 l&rsquo;exception de ceux \u00e0 caract\u00e8re technique et de ceux n\u00e9cessaires au fonctionnement du site Internet ou \u00e0 la fourniture de services express\u00e9ment demand\u00e9s par l&rsquo;utilisateur.<\/p><p>\u00a0<\/p><p><strong>TYPE DE COOKIES<\/strong><\/p><p>\u00a0<\/p><ol><li>a) En fonction de l&rsquo;entit\u00e9 qui les g\u00e8re, il existe des cookies propres (ceux qui sont envoy\u00e9s \u00e0 l&rsquo;\u00e9quipement terminal de l&rsquo;utilisateur depuis un ordinateur ou un domaine g\u00e9r\u00e9 par l&rsquo;\u00e9diteur lui-m\u00eame et \u00e0 partir duquel le service demand\u00e9 par l&rsquo;utilisateur est fourni) et des cookies de tiers (ceux qui sont envoy\u00e9s \u00e0 l&rsquo;\u00e9quipement terminal de l&rsquo;utilisateur depuis un ordinateur ou un domaine qui n&rsquo;est pas g\u00e9r\u00e9 par l&rsquo;\u00e9diteur, mais par une autre entit\u00e9 qui traite les donn\u00e9es obtenues par le biais des cookies).<\/li><\/ol><p>\u00a0<\/p><ol><li>b) En fonction de leur dur\u00e9e d&rsquo;activit\u00e9, on distingue les cookies de session (con\u00e7us pour demander et stocker des donn\u00e9es pendant que l&rsquo;utilisateur acc\u00e8de \u00e0 une page Internet) et les cookies persistants (dans lesquels les donn\u00e9es sont stock\u00e9es dans le terminal et peuvent \u00eatre consult\u00e9es et trait\u00e9es pendant une p\u00e9riode d\u00e9finie par le gestionnaire des cookies \u2013 cette p\u00e9riode pouvant aller de quelques minutes \u00e0 plusieurs ann\u00e9es).<\/li><\/ol><p>\u00a0<\/p><ol><li>c) Selon la <strong>finalit\u00e9 <\/strong>pour laquelle ils traitent les informations qu&rsquo;ils collectent, les cookies peuvent \u00eatre des :<\/li><\/ol><p>&#8211; <strong>Cookies techniques <\/strong>(n\u00e9cessaires \u00e0 l&rsquo;utilisation du site Internet et \u00e0 la fourniture du service <strong>contractualis\u00e9),<\/strong><\/p><p>&#8211; <strong>Cookies de personnalisation <\/strong>(qui permettent \u00e0 l&rsquo;utilisateur d&rsquo;acc\u00e9der au service avec des caract\u00e9ristiques pr\u00e9d\u00e9finies, telles que la langue, le type de navigateur, la configuration r\u00e9gionale, etc.)<\/p><p>&#8211; <strong>Cookies d&rsquo;analyse <\/strong>(recueillent des informations sur l&rsquo;utilisation du site Internet),<\/p><p>&#8211; <strong>Cookies publicitaires <\/strong>(recueillent des informations sur les pr\u00e9f\u00e9rences et les choix personnels des utilisateurs),<\/p><p>&#8211; <strong>Cookies d&rsquo;affiliation <\/strong>(permettent de suivre les visites provenant d&rsquo;autres sites Internet, avec lesquels le site Internet \u00e9tablit un contrat d&rsquo;affiliation).<\/p><p><strong>\u00a0<\/strong><\/p><p><strong>\u00a0<\/strong><\/p><p><strong>TYPE DE COOKIES UTILIS\u00c9S POUR CE SITE INTERNET<\/strong><\/p><p><strong>\u00a0<\/strong><\/p><table><tbody><tr><td width=\"113\"><p><strong>Nom<\/strong><\/p><\/td><td width=\"265\"><p><strong>Objectif <\/strong><\/p><\/td><td width=\"89\"><p><strong>Expiration<\/strong><\/p><\/td><td width=\"100\"><p><strong>Fournisseur<\/strong><\/p><\/td><\/tr><tr><td width=\"113\"><p>Cookie Consent<\/p><\/td><td width=\"265\"><p>Stocke le statut de consentement de l&rsquo;utilisateur en mati\u00e8re de cookies pour le domaine actuel.<\/p><\/td><td width=\"89\"><p>1 an<\/p><\/td><td width=\"100\"><p>Cookiebot<\/p><\/td><\/tr><tr><td width=\"113\"><p>XSRF-TOKEN<\/p><\/td><td width=\"265\"><p>Assure la s\u00e9curit\u00e9 de la navigation des visiteurs en emp\u00eachant la falsification des requ\u00eates intersites (CSRF). Ce cookie est essentiel pour la s\u00e9curit\u00e9 du site Internet et du visiteur.<\/p><\/td><td width=\"89\"><p>3 jours<\/p><\/td><td width=\"100\"><p>Propre<\/p><\/td><\/tr><tr><td width=\"113\"><p>Collect<\/p><\/td><td width=\"265\"><p>Utilis\u00e9 pour envoyer des donn\u00e9es \u00e0 Google Analytics sur le dispositif et le comportement du visiteur ; suit le visiteur \u00e0 travers les appareils et les canaux de marketing.<\/p><\/td><td width=\"89\"><p>Session<\/p><\/td><td width=\"100\"><p>Google Analytics<\/p><\/td><\/tr><tr><td width=\"113\"><p>_ga<\/p><\/td><td width=\"265\"><p>Enregistre un identifiant unique qui est utilis\u00e9 pour g\u00e9n\u00e9rer des donn\u00e9es statistiques sur la fa\u00e7on dont le visiteur utilise le site Internet.<\/p><\/td><td width=\"89\"><p>2 ans<\/p><\/td><td width=\"100\"><p>Google Analytics<\/p><\/td><\/tr><tr><td width=\"113\"><p>_gat<\/p><\/td><td width=\"265\"><p>Utilis\u00e9 par Google Analytics pour surveiller le taux de demande<\/p><\/td><td width=\"89\"><p>1 jour<\/p><\/td><td width=\"100\"><p>Google Analytics<\/p><\/td><\/tr><tr><td width=\"113\"><p>_gid<\/p><\/td><td width=\"265\"><p>Enregistre un identifiant unique qui est utilis\u00e9 pour g\u00e9n\u00e9rer des donn\u00e9es statistiques sur la fa\u00e7on dont le visiteur utilise le site Internet.<\/p><\/td><td width=\"89\"><p>1 jour<\/p><\/td><td width=\"100\"><p>Google Analytics<\/p><\/td><\/tr><tr><td width=\"113\"><p>Ads\/ga-audiences<\/p><\/td><td width=\"265\"><p>Utilis\u00e9 par Google Adwords pour reconnecter les visiteurs susceptibles de devenir des clients, il est bas\u00e9 sur le comportement en ligne du client sur diff\u00e9rents sites Internet.<\/p><\/td><td width=\"89\"><p>Session<\/p><\/td><td width=\"100\"><p>Google Adwords<\/p><\/td><\/tr><tr><td width=\"113\"><p>Pronokal_ecommerce_session<\/p><\/td><td width=\"265\"><p>\u00a0<\/p><\/td><td width=\"89\"><p>3 jours<\/p><\/td><td width=\"100\"><p>Propre<\/p><\/td><\/tr><\/tbody><\/table><p><strong>\u00a0<\/strong><\/p><p>Lors de la navigation sur notre site Internet, des cookies de nos r\u00e9seaux sociaux peuvent \u00eatre stock\u00e9s sur votre navigateur. Nous vous indiquons ci-dessous les liens concernant les cookies des r\u00e9seaux sociaux que nous utilisons sur ce site Internet :<\/p><p>\u00a0<\/p><ul><li>Cookies de Facebook, voir plus d&rsquo;informations dans sa <a href=\"https:\/\/es-es.facebook.com\/policies\/cookies\/\">politique en mati\u00e8re de cookies.<\/a><\/li><\/ul><ul><li>Cookies de Twitter, voir plus d&rsquo;informations dans sa <a href=\"https:\/\/help.twitter.com\/es\/rules-and-policies\/twitter-cookies\">politique en mati\u00e8re de cookies.<\/a><\/li><li>Cookies d&rsquo;Instagram, voir plus d&rsquo;informations dans sa <a href=\"https:\/\/es-es.facebook.com\/policies\/cookies\/\">politique en mati\u00e8re de cookies.<\/a><\/li><\/ul><p>\u00a0<\/p><p>\u00a0<\/p><p>De m\u00eame, le prestataire effectue des actions de remarketing avec<strong> Google AdWords, Facebook ads, Twitter ads, <\/strong>qui utilisent les cookies pour diffuser des annonces en ligne en fonction des visites pr\u00e9c\u00e9dentes sur ce site Internet. Ces cookies sont sur le point d&rsquo;expirer et ne contiennent pas d&rsquo;informations permettant de vous identifier personnellement. Pour plus d&rsquo;informations, veuillez consulter les <u>r\u00e8gles de confidentialit\u00e9 de Google Advertising.<\/u><\/p><p>\u00a0<\/p><p><strong>R\u00c9VOCATION<\/strong><\/p><p>Vous pouvez, \u00e0 tout moment, acc\u00e9der aux param\u00e8tres de votre navigateur en acceptant ou rejetant tous les cookies ou en s\u00e9lectionnant ceux que l&rsquo;installation prend en charge et ceux qu\u2019elle ne prend pas, en suivant l&rsquo;une des proc\u00e9dures suivantes, selon le navigateur que vous utilisez :<\/p><p>\u00a0<\/p><p><strong>Google Chrome <\/strong>(dans le menu Outils) :<\/p><p>Param\u00e8tres&gt; Afficher les options avanc\u00e9es&gt; Confidentialit\u00e9 (param\u00e8tres de contenu)&gt; Cookies :<\/p><p>https:\/\/support.google.com\/chrome\/answer\/95647?co=GENIE.Platform%3DDesktop&hl=es<\/p><p><strong>\u00a0<\/strong><\/p><p><strong>Microsoft Internet Explorer <\/strong>(dans le menu Outils) :<\/p><p>Options Internet&gt; Confidentialit\u00e9&gt; Avanc\u00e9 :<\/p><p>https:\/\/support.microsoft.com\/es-es\/help\/17442\/windows-internet-explorer-delete-manage-cookies<\/p><p><strong>\u00a0<\/strong><\/p><p><strong>Firefox :<\/strong><\/p><p>Options&gt; Confidentialit\u00e9&gt; Cookies :<\/p><p>https:\/\/support.mozilla.org\/es\/kb\/habilitar-y-deshabilitar-cookies-sitios-web-rastrear-preferencias<\/p><p>\u00a0<\/p><p><strong>Safari, iPad et iPhone :<\/strong><\/p><p>Pr\u00e9f\u00e9rences&gt; Confidentialit\u00e9<\/p><p>https:\/\/support.apple.com\/kb\/ph21411?locale=es_ES<\/p><p>\u00a0<\/p><p><strong>Opera :<\/strong><\/p><p>Param\u00e8tres&gt; Options&gt; Avanc\u00e9&gt; Cookies<\/p><p>http:\/\/help.opera.com\/Windows\/12.00\/es-ES\/cookies.html<\/p><p>\u00a0<\/p><p>Ces navigateurs \u00e9tant sujets \u00e0 des changements ou des modifications, nous ne pouvons donc pas garantir qu&rsquo;ils sont compl\u00e8tement adapt\u00e9s \u00e0 la version de votre navigateur. Il se peut \u00e9galement que vous utilisiez un autre navigateur non couvert par ces liens comme Konqueror, Arora, Flock, etc. Pour \u00e9viter ces d\u00e9calages, vous pouvez \u00a0acc\u00e9der directement \u00e0 partir des options de votre navigateur, g\u00e9n\u00e9ralement dans le menu \u00ab\u00a0Options\u00a0\u00bb de la section \u00ab\u00a0Confidentialit\u00e9\u00a0\u00bb. (Veuillez consulter l&rsquo;aide de votre navigateur pour plus d&rsquo;informations).<\/p><p>\u00a0<\/p><p><strong>D\u00c9SACTIVATION\/ACTIVATION ET SUPPRESSION DES COOKIES<\/strong><\/p><p>\u00a0<\/p><p>Pour restreindre ou bloquer les cookies, il faut utiliser les param\u00e8tres de votre navigateur.<\/p><p>\u00a0<\/p><p>Si vous ne souhaitez pas que les sites Internet placent des cookies sur votre ordinateur, vous pouvez r\u00e9gler les param\u00e8tres de votre navigateur de mani\u00e8re \u00e0 \u00eatre averti avant le placement de tout cookie. De m\u00eame, vous pouvez r\u00e9gler les param\u00e8tres de votre navigateur de mani\u00e8re \u00e0 ce qu&rsquo;il rejette tous les cookies ou uniquement les cookies de tiers. Vous pouvez \u00e9galement supprimer les cookies qui se trouvent d\u00e9j\u00e0 sur votre ordinateur. N&rsquo;oubliez pas que vous devrez r\u00e9gler les param\u00e8tres s\u00e9par\u00e9ment pour chaque navigateur et chaque ordinateur que vous utilisez.<\/p><p>\u00a0<\/p><p>Veuillez noter que si vous ne souhaitez pas recevoir de cookies, nous ne pourrons plus garantir que notre site Internet fonctionnera comme pr\u00e9vu. Certaines fonctionnalit\u00e9s du site peuvent \u00eatre perdues et il est possible que vous ne puissiez plus \u00eatre en mesure de consulter certains sites Internet. En outre, le fait de refuser les cookies ne signifie pas que vous ne verrez plus de publicit\u00e9s. Les publicit\u00e9s ne seront tout simplement pas adapt\u00e9es \u00e0 vos int\u00e9r\u00eats et seront r\u00e9p\u00e9t\u00e9es plus fr\u00e9quemment.<\/p><p>\u00a0<\/p><p>Chaque navigateur a une m\u00e9thode diff\u00e9rente pour adapter les param\u00e8tres. Si n\u00e9cessaire, consultez la fonction d&rsquo;aide du navigateur pour d\u00e9finir les bons param\u00e8tres.<\/p><p>\u00a0<\/p><p>Pour d\u00e9sactiver les cookies sur votre t\u00e9l\u00e9phone mobile, veuillez consulter le manuel de votre appareil pour plus d&rsquo;informations.<\/p><p>\u00a0<\/p><p>Pour en savoir plus sur les cookies sur Internet, consultez le site http:\/\/www.aboutcookies.org\/.<\/p><p>\u00a0<\/p><p>Compte tenu du fonctionnement d&rsquo;Internet et des sites Internet, nous ne disposons pas toujours d&rsquo;informations sur les cookies plac\u00e9s par des tiers via notre site Internet. Cela s&rsquo;applique notamment aux cas o\u00f9 le site Internet contient ce que l&rsquo;on appelle des \u00e9l\u00e9ments int\u00e9gr\u00e9s : des textes, des documents, des images ou des courts m\u00e9trages qui sont stock\u00e9s ailleurs, mais qui sont affich\u00e9s sur ou via notre site Internet.<\/p><p>\u00a0<\/p><p>Par cons\u00e9quent, si vous rencontrez ces cookies sur ce site Internet et qu&rsquo;ils ne sont pas r\u00e9pertori\u00e9s ci-dessus, veuillez nous en informer. Sinon, veuillez contacter directement le tiers pour demander des informations sur les cookies qu&rsquo;il place, l&rsquo;objectif et la dur\u00e9e du cookie et la mani\u00e8re dont il a assur\u00e9 votre confidentialit\u00e9.<\/p><p>\u00a0<\/p><p><strong>INFORMATIONS LI\u00c9ES AU TRAITEMENT DES DONN\u00c9ES \u00c0 CARACT\u00c8RE PERSONNELLES (ARTICLE 4 LPD ET ARTICLE 13 DU RGPD)<\/strong><\/p><p>\u00a0<\/p><p><strong>Qui est responsable du traitement de vos donn\u00e9es \u00e0 caract\u00e8re personnel ?<\/strong><\/p><p>\u00a0<\/p><p>\u00a0<\/p><p><strong>Protein Supplies (Suisse) S\u00e0rl (appartenant \u00e0 <\/strong><strong>PronoKal\u00ae<\/strong><strong>) <\/strong>est coresponsable du traitement des donn\u00e9es \u00e0 caract\u00e8re personnel que vous nous fournissez, sise Place de l&rsquo;Universit\u00e9 6, 1205 Gen\u00e8ve, IDE CHE-342.936.239, e-mail de contact info.ch@pronokalgroup.com.<\/p><p>\u00a0<\/p><p>\u00a0<\/p><p><strong>\u00c0 quoi servent vos donn\u00e9es \u00e0 caract\u00e8re personnel ?<\/strong><\/p><p>\u00a0<\/p><p>Les informations recueillies par les cookies propres (cookies de session et de saisie de l&rsquo;utilisateur) sont g\u00e9n\u00e9ralement utilis\u00e9es pour suivre les actions de l&rsquo;utilisateur lorsqu&rsquo;il remplit des formulaires en ligne sur diverses pages, comme panier d&rsquo;achats pour garder la trace des articles que l&rsquo;utilisateur a s\u00e9lectionn\u00e9s en cliquant sur un bouton ou pour personnaliser l&rsquo;interface de l\u2019utilisateur lorsqu&rsquo;il visite le site Internet.<\/p><p>\u00a0<\/p><p>Les informations recueillies par les cookies de tiers sont les suivantes :<\/p><ul><li>Les cookies analytiques sont utilis\u00e9s pour analyser vos habitudes de navigation afin d&rsquo;am\u00e9liorer les services fournis ;<\/li><li>Les cookies comportementaux recueillent des informations sur les pr\u00e9f\u00e9rences des utilisateurs afin de g\u00e9rer les espaces publicitaires le plus efficacement possible ; et<\/li><li>les cookies publicitaires mesurent la performance des publicit\u00e9s et fournissent des recommandations de produits bas\u00e9es sur des donn\u00e9es statistiques.<\/li><\/ul><p>\u00a0<\/p><p>Pour savoir exactement comment les cookies sont utilis\u00e9s, consultez le tableau sur l&rsquo;utilisation des cookies sur ce site Internet.<\/p><p><strong>\u00a0<\/strong><\/p><p><strong>Quelle est la base juridique du traitement de vos donn\u00e9es \u00e0 caract\u00e8re personnel ?<\/strong><\/p><p>\u00a0<\/p><p>La l\u00e9gitimit\u00e9 du traitement de vos donn\u00e9es \u00e0 caract\u00e8re personnel est donn\u00e9e par votre consentement accord\u00e9 au moment de nous contacter, pour l&rsquo;utilisation de cookies analytiques, comportementaux et publicitaires ; pour les cookies de session ou de personnalisation, la l\u00e9gitimit\u00e9 du traitement est donn\u00e9e par l&rsquo;int\u00e9r\u00eat l\u00e9gitime du prestataire (responsable du traitement).<\/p><p>\u00a0<\/p><p><strong>\u00c0 qui divulguons-nous vos donn\u00e9es ?<\/strong><\/p><p>\u00a0<\/p><p>Vos donn\u00e9es ne seront communiqu\u00e9es \u00e0 des tiers que si une obligation l\u00e9gale ou une d\u00e9cision de justice l&rsquo;exige et uniquement aux tiers indiqu\u00e9s dans le cas de l&rsquo;utilisation de cookies g\u00e9r\u00e9s par ces derniers.<\/p><p>\u00a0<\/p><p>\u00a0<\/p><p><strong>Combien de temps vos donn\u00e9es seront-elles conserv\u00e9es ?<\/strong><\/p><p>\u00a0<\/p><p>La dur\u00e9e de conservation des donn\u00e9es collect\u00e9es est celle indiqu\u00e9e dans le tableau sur l&rsquo;utilisation des cookies sur ce site Internet.<\/p><p>\u00a0<\/p><p><strong>\u00a0<\/strong><\/p><p><strong>Quels sont vos droits ?<\/strong><\/p><p>\u00a0<\/p><p>Les droits qui prot\u00e8gent l&rsquo;utilisateur sont les droits d&rsquo;acc\u00e8s, de rectification, d&rsquo;effacement, de portabilit\u00e9 (selon le RGPD), de retrait du consentement (sans que cela affecte la lic\u00e9it\u00e9 du traitement accord\u00e9 avant son retrait), d&rsquo;opposition au traitement, de limitation (dans certaines circonstances) et le droit d\u2019agir en justice pour violation de vos droits \u00e0 la personnalit\u00e9.<\/p><p>Le Pr\u00e9pos\u00e9 F\u00e9d\u00e9ral \u00e0 la Protection des Donn\u00e9es et \u00e0 la Transparence peut \u00eatre contact\u00e9 sur le site suivant\u00a0: https:\/\/www.bk.admin.ch\/bk\/fr\/home\/chancellerie-federale\/organisation-de-la-chancellerie-federale\/prepose-federal-a-la-protection-des-donnees-et-a-la-transparence.html.<\/p>\t\t\t\t\t\t\t\t<\/div>\n\t\t\t\t<\/div>\n\t\t\t\t\t<\/div>\n\t\t<\/div>\n\t\t\t\t<div class=\"elementor-column elementor-col-33 elementor-top-column elementor-element elementor-element-9bdae02\" data-id=\"9bdae02\" data-element_type=\"column\">\n\t\t\t<div class=\"elementor-widget-wrap\">\n\t\t\t\t\t\t\t<\/div>\n\t\t<\/div>\n\t\t\t\t\t<\/div>\n\t\t<\/section>\n\t\t\t\t<\/div>\n\t\t","protected":false},"excerpt":{"rendered":"Politique en mati\u00e8re de Cookies QUE SONT LES COOKIES ? Un cookie est un fichier qui est t\u00e9l\u00e9charg\u00e9 sur votre ordinateur lorsque vous acc\u00e9dez \u00e0 certaines pages Internet. Les cookies permettent \u00e0 un site Internet, entre autres, de stocker et de r\u00e9cup\u00e9rer des informations sur les habitudes de navigation d&rsquo;un utilisateur ou de son \u00e9quipement [&hellip;]","protected":false},"author":5,"featured_media":0,"parent":0,"menu_order":0,"comment_status":"closed","ping_status":"closed","template":"","meta":{"footnotes":""},"class_list":["post-13070","page","type-page","status-publish","hentry"],"acf":[],"_links":{"self":[{"href":"https:\/\/www.pronokal.com\/ch-fr\/wp-json\/wp\/v2\/pages\/13070","targetHints":{"allow":["GET"]}}],"collection":[{"href":"https:\/\/www.pronokal.com\/ch-fr\/wp-json\/wp\/v2\/pages"}],"about":[{"href":"https:\/\/www.pronokal.com\/ch-fr\/wp-json\/wp\/v2\/types\/page"}],"author":[{"embeddable":true,"href":"https:\/\/www.pronokal.com\/ch-fr\/wp-json\/wp\/v2\/users\/5"}],"replies":[{"embeddable":true,"href":"https:\/\/www.pronokal.com\/ch-fr\/wp-json\/wp\/v2\/comments?post=13070"}],"version-history":[{"count":2,"href":"https:\/\/www.pronokal.com\/ch-fr\/wp-json\/wp\/v2\/pages\/13070\/revisions"}],"predecessor-version":[{"id":13079,"href":"https:\/\/www.pronokal.com\/ch-fr\/wp-json\/wp\/v2\/pages\/13070\/revisions\/13079"}],"wp:attachment":[{"href":"https:\/\/www.pronokal.com\/ch-fr\/wp-json\/wp\/v2\/media?parent=13070"}],"curies":[{"name":"wp","href":"https:\/\/api.w.org\/{rel}","templated":true}]}}