{"id":38,"date":"2018-12-21T11:45:51","date_gmt":"2018-12-21T11:45:51","guid":{"rendered":"http:\/\/pronokal.com\/?page_id=38"},"modified":"2020-05-19T22:58:18","modified_gmt":"2020-05-19T20:58:18","slug":"politica-privacidad","status":"publish","type":"page","link":"https:\/\/www.pronokal.com\/cr\/politica-privacidad\/","title":{"rendered":"Pol\u00edtica de privacidad"},"content":{"rendered":"\t\t<div data-elementor-type=\"wp-post\" data-elementor-id=\"38\" class=\"elementor elementor-38\" data-elementor-post-type=\"page\">\n\t\t\t\t\t\t<section class=\"elementor-section elementor-top-section elementor-element elementor-element-9806ab4 elementor-section-boxed elementor-section-height-default elementor-section-height-default\" data-id=\"9806ab4\" data-element_type=\"section\">\n\t\t\t\t\t\t<div class=\"elementor-container elementor-column-gap-default\">\n\t\t\t\t\t<div class=\"elementor-column elementor-col-100 elementor-top-column elementor-element elementor-element-da0f975\" data-id=\"da0f975\" data-element_type=\"column\">\n\t\t\t<div class=\"elementor-widget-wrap elementor-element-populated\">\n\t\t\t\t\t\t<div class=\"elementor-element elementor-element-2bfabcd elementor-widget elementor-widget-heading\" data-id=\"2bfabcd\" data-element_type=\"widget\" data-widget_type=\"heading.default\">\n\t\t\t\t<div class=\"elementor-widget-container\">\n\t\t\t\t\t<h1 class=\"elementor-heading-title elementor-size-large\">Pol\u00edtica de Privacidad<\/h1>\t\t\t\t<\/div>\n\t\t\t\t<\/div>\n\t\t\t\t\t<\/div>\n\t\t<\/div>\n\t\t\t\t\t<\/div>\n\t\t<\/section>\n\t\t\t\t<section class=\"elementor-section elementor-top-section elementor-element elementor-element-6c79a64 elementor-section-boxed elementor-section-height-default elementor-section-height-default\" data-id=\"6c79a64\" data-element_type=\"section\">\n\t\t\t\t\t\t<div class=\"elementor-container elementor-column-gap-default\">\n\t\t\t\t\t<div class=\"elementor-column elementor-col-16 elementor-top-column elementor-element elementor-element-1933392\" data-id=\"1933392\" data-element_type=\"column\">\n\t\t\t<div class=\"elementor-widget-wrap\">\n\t\t\t\t\t\t\t<\/div>\n\t\t<\/div>\n\t\t\t\t<div class=\"elementor-column elementor-col-66 elementor-top-column elementor-element elementor-element-698c140\" data-id=\"698c140\" data-element_type=\"column\">\n\t\t\t<div class=\"elementor-widget-wrap elementor-element-populated\">\n\t\t\t\t\t\t<div class=\"elementor-element elementor-element-3fca405 elementor-widget elementor-widget-text-editor\" data-id=\"3fca405\" data-element_type=\"widget\" data-widget_type=\"text-editor.default\">\n\t\t\t\t<div class=\"elementor-widget-container\">\n\t\t\t\t\t\t\t\t\t<h3 class=\"western\"><strong>1. Informaci\u00f3n<\/strong><\/h3><p>La presente Pol\u00edtica de Privacidad tiene por finalidad describir la forma en que AMINO DIET, trata la informaci\u00f3n de los Usuarios que acceden a nuestro sitio Web <span class=\"plugin_link\">www.pronokal.com\/cr\/<\/span>.<\/p><p>El acceso a nuestros contenidos no exige ning\u00fan tipo de registro, por lo que Ud. podr\u00e1 acceder y navegar por nuestra p\u00e1gina Web sin necesidad de identificarse.<\/p><p>Si Ud. decide utilizar alguno de nuestros formularios de contacto, AMINO DIET, le solicitar\u00e1 los datos estrictamente necesarios para las finalidades pretendidas con cada uno de ellos. Cada formulario interactivo de recogida de datos tiene su propia pol\u00edtica de protecci\u00f3n de datos de car\u00e1cter personal, la cual, Ud. deber\u00e1 leer y aceptar, con car\u00e1cter previo a su remisi\u00f3n. Ud. deber\u00e1 rellenar los formularios con datos verdaderos, exactos, completos y actualizados, respondiendo de los da\u00f1os y perjuicios que pudiera ocasionar a causa de la cumplimentaci\u00f3n defectuosa de los formularios con datos falsos, inexactos, incompletos o no actualizados.<\/p><p>En cumplimiento de lo establecido en la Ley 15\/1999, de 13 de diciembre, de Protecci\u00f3n de Datos de Car\u00e1cter Personal, le informamos que los datos personales que decida facilitarnos a trav\u00e9s de cualquiera de nuestros formularios interactivos ser\u00e1n incorporados a un fichero automatizado, titularidad de AMINO DIET, debidamente inscrito en el Registro General de Protecci\u00f3n de Datos, quien, como responsable del mismo, lo utilizar\u00e1 con la finalidad de dar respuesta a sus solicitudes de informaci\u00f3n y\/o consultas, as\u00ed como gestionar los servicios que AMINO DIET, en su caso, haya puesto a su disposici\u00f3n. Tales datos ser\u00e1n tratados con la m\u00e1xima seguridad y confidencialidad, de acuerdo con la legislaci\u00f3n vigente.<\/p><p>Asimismo, mediante la remisi\u00f3n de cada formulario, Ud. nos estar\u00e1 autorizando expresamente para el tratamiento y, en su caso, cesi\u00f3n de sus datos personales con las finalidades indicadas en sus respectivas leyendas informativas en materia de protecci\u00f3n de datos.<\/p><h3 class=\"western\"><strong>2. Derechos ARCO<\/strong><\/h3><p>La aceptaci\u00f3n del Usuario al tratamiento de sus datos personales en los t\u00e9rminos expresados tendr\u00e1 siempre car\u00e1cter revocable, sin efectos retroactivos. Ud. podr\u00e1 ejercitar en cualquier momento y de manera gratuita sus derechos de acceso, rectificaci\u00f3n, cancelaci\u00f3n y oposici\u00f3n al tratamiento de sus datos personales, mediante la remisi\u00f3n de una comunicaci\u00f3n escrita, acompa\u00f1ada de copia de su documento de identidad a AMINO DIET, \u00a0a la siguiente direcci\u00f3n de correo electr\u00f3nico,\u00a0<span class=\"plugin_link\"><a href=\"mailto:info.costarica@metodopnk.com\" target=\"_blank\" rel=\"noopener\">info.costarica@metodopnk.com<\/a><\/span>.<\/p><h3 class=\"western\"><strong>3. Medidas de seguridad<\/strong><\/h3><p>AMINO DIET, dispone de las medidas de seguridad exigidas por el Real Decreto 1720\/2007, de 21 de diciembre, que aprueba el Reglamento de Desarrollo de la Ley Org\u00e1nica 15\/1999, de 13 de diciembre de Protecci\u00f3n de Datos de Car\u00e1cter Personal, habiendo establecido los medios t\u00e9cnicos y humanos a su alcance para evitar la p\u00e9rdida, mal uso, alteraci\u00f3n, acceso no autorizado y robo de los datos que Ud. nos facilite a trav\u00e9s de nuestro Sitio Web. En cualquier caso, el Usuario debe ser consciente, y se le advierte expresamente, de que las medidas de seguridad en Internet no son inexpugnables.<\/p><h3 class=\"western\"><strong>4. Perfiles en Redes Sociales<\/strong><\/h3><p>AMINO DIET, dispone de perfiles en distintos medios de comunicaci\u00f3n social de Internet, y se reconoce, en consecuencia, Responsable del Tratamiento de los datos de sus seguidores, fans, suscriptores, y dem\u00e1s perfiles de usuarios que se puedan llegar a generar con motivo de su participaci\u00f3n en los mismos. AMINO DIET, tratar\u00e1 los datos recabados en tales medios conforme a los par\u00e1metros establecidos por cada una de las redes sociales en las que tenga presencia corporativa y, en todo caso, conforme a lo establecido por la normativa en materia de protecci\u00f3n de datos que resulte de aplicaci\u00f3n. AMINO DIET, no extraer\u00e1 datos de tales redes sociales, salvo que haya obtenido el consentimiento previo, expreso y escrito del usuario para ello.<\/p><h3 class=\"western\"><strong>5. Cookies<\/strong><\/h3><p>AMINO DIET, utiliza \u201ccookies\u201d, peque\u00f1os archivos de texto que se ubican en el disco duro del ordenador del Usuario, que archivan informaci\u00f3n sobre el uso que se realiza de un determinado Sitio Web, con la finalidad de ofrecerle una navegaci\u00f3n m\u00e1s \u00e1gil y personalizada. Las cookies solamente pueden ser le\u00eddas por el servidor que las coloc\u00f3 y no pueden ejecutar ning\u00fan programa o virus.<\/p><p>AMINO DIET, utiliza cookies de sesi\u00f3n, que permiten al usuario navegar por el sitio web y garantizar su correcto acceso a las diferentes \u00e1reas del sitio Web, y que son eliminadas una vez finaliza la sesi\u00f3n del usuario. PRI S.A. tambi\u00e9n utiliza cookies anal\u00edticas, instaladas por Google Analytics, un servicio prestado por Google, Inc., compa\u00f1\u00eda de Delaware, 1600 Amphitheatre Parkway, Mountain View (California), CA 94043, Estados Unidos (\u00abGoogle\u00bb). Las cookies utilizadas por Google Analytics analizan estad\u00edstica y an\u00f3nimamente el uso que los usuarios hacen del Sitio Web. La instalaci\u00f3n de este tipo de cookies necesitar\u00e1 del previo consentimiento del usuario para ello. La informaci\u00f3n generada por estas cookies (incluyendo su direcci\u00f3n IP) ser\u00e1, en su caso, directamente transmitida y archivada por Google en sus servidores de Estados Unidos. Google usar\u00e1 esta informaci\u00f3n por cuenta de AMINO DIET, con el prop\u00f3sito de analizar el uso de su sitio Web y elaborar informes de actividad de car\u00e1cter estad\u00edstico tales como origen de las visitas, secciones m\u00e1s visitadas, etc. Google podr\u00e1 transmitir dicha informaci\u00f3n a terceros cuando as\u00ed se lo requiera la legislaci\u00f3n, o cuando dichos terceros procesen la informaci\u00f3n por cuenta de Google. Google no asociar\u00e1 su direcci\u00f3n IP con ning\u00fan otro dato del que disponga Google.<\/p><p>Si desea obtener m\u00e1s informaci\u00f3n sobre las cookies utilizadas por el servicio de Google Analytics <a href=\"http:\/\/www.google.es\/intl\/es\/policies\/privacy\/ads\/\">pinche aqu\u00ed<\/a>.<\/p><p>Asimismo, Google Analytics ha desarrollado una herramienta que el Usuario puede instalar en su navegador si desea no ser rastreado por sus cookies\u00a0<a href=\"https:\/\/tools.google.com\/dlpage\/gaoptout?hl=es\">https:\/\/tools.google.com\/dlpage\/gaoptout?hl=es<\/a>.<\/p><p>Tambi\u00e9n puede consultar las instrucciones y manuales de su navegador para ampliar la informaci\u00f3n sobre el funcionamiento y control de las cookies. El Usuario puede rechazar el tratamiento de los datos o la informaci\u00f3n rechazando el uso de cookies mediante la selecci\u00f3n de la configuraci\u00f3n apropiada de su navegador.<\/p><p>En caso de duda o controversia respecto a nuestra Pol\u00edtica de Privacidad y Protecci\u00f3n de Datos as\u00ed como sobre el uso de cookies, podr\u00e1 ponerse en contacto con nosotros dirigi\u00e9ndose a la siguiente direcci\u00f3n de correo electr\u00f3nico:\u00a0<span class=\"plugin_link\"><a href=\"mailto:info.costarica@metodopnk.com\" target=\"_blank\" rel=\"noopener\">info.costarica@metodopnk.com<\/a><\/span>.<\/p>\t\t\t\t\t\t\t\t<\/div>\n\t\t\t\t<\/div>\n\t\t\t\t\t<\/div>\n\t\t<\/div>\n\t\t\t\t<div class=\"elementor-column elementor-col-16 elementor-top-column elementor-element elementor-element-2446eea\" data-id=\"2446eea\" data-element_type=\"column\">\n\t\t\t<div class=\"elementor-widget-wrap\">\n\t\t\t\t\t\t\t<\/div>\n\t\t<\/div>\n\t\t\t\t\t<\/div>\n\t\t<\/section>\n\t\t\t\t<\/div>\n\t\t","protected":false},"excerpt":{"rendered":"Pol\u00edtica de Privacidad 1. Informaci\u00f3n La presente Pol\u00edtica de Privacidad tiene por finalidad describir la forma en que AMINO DIET, trata la informaci\u00f3n de los Usuarios que acceden a nuestro sitio Web www.pronokal.com\/cr\/. El acceso a nuestros contenidos no exige ning\u00fan tipo de registro, por lo que Ud. podr\u00e1 acceder y navegar por nuestra p\u00e1gina [&hellip;]","protected":false},"author":1,"featured_media":0,"parent":0,"menu_order":0,"comment_status":"closed","ping_status":"closed","template":"","meta":{"footnotes":""},"class_list":["post-38","page","type-page","status-publish","hentry"],"acf":[],"_links":{"self":[{"href":"https:\/\/www.pronokal.com\/cr\/wp-json\/wp\/v2\/pages\/38","targetHints":{"allow":["GET"]}}],"collection":[{"href":"https:\/\/www.pronokal.com\/cr\/wp-json\/wp\/v2\/pages"}],"about":[{"href":"https:\/\/www.pronokal.com\/cr\/wp-json\/wp\/v2\/types\/page"}],"author":[{"embeddable":true,"href":"https:\/\/www.pronokal.com\/cr\/wp-json\/wp\/v2\/users\/1"}],"replies":[{"embeddable":true,"href":"https:\/\/www.pronokal.com\/cr\/wp-json\/wp\/v2\/comments?post=38"}],"version-history":[{"count":24,"href":"https:\/\/www.pronokal.com\/cr\/wp-json\/wp\/v2\/pages\/38\/revisions"}],"predecessor-version":[{"id":18234,"href":"https:\/\/www.pronokal.com\/cr\/wp-json\/wp\/v2\/pages\/38\/revisions\/18234"}],"wp:attachment":[{"href":"https:\/\/www.pronokal.com\/cr\/wp-json\/wp\/v2\/media?parent=38"}],"curies":[{"name":"wp","href":"https:\/\/api.w.org\/{rel}","templated":true}]}}