{"id":34,"date":"2018-12-21T11:45:38","date_gmt":"2018-12-21T11:45:38","guid":{"rendered":"http:\/\/pronokal.com\/?page_id=34"},"modified":"2025-12-17T11:27:17","modified_gmt":"2025-12-17T09:27:17","slug":"otras-webs-del-grupo","status":"publish","type":"page","link":"https:\/\/www.pronokal.com\/es\/otras-webs-del-grupo\/","title":{"rendered":"Otras webs del grupo"},"content":{"rendered":"\t\t<div data-elementor-type=\"wp-post\" data-elementor-id=\"34\" class=\"elementor elementor-34\" data-elementor-post-type=\"page\">\n\t\t\t\t\t\t<section class=\"elementor-section elementor-top-section elementor-element elementor-element-7dc4a16 bg-grey elementor-section-boxed elementor-section-height-default elementor-section-height-default\" data-id=\"7dc4a16\" data-element_type=\"section\">\n\t\t\t\t\t\t<div class=\"elementor-container elementor-column-gap-default\">\n\t\t\t\t\t<div class=\"elementor-column elementor-col-100 elementor-top-column elementor-element elementor-element-89be97f\" data-id=\"89be97f\" data-element_type=\"column\">\n\t\t\t<div class=\"elementor-widget-wrap elementor-element-populated\">\n\t\t\t\t\t\t<div class=\"elementor-element elementor-element-becf2c9 elementor-widget elementor-widget-heading\" data-id=\"becf2c9\" data-element_type=\"widget\" data-widget_type=\"heading.default\">\n\t\t\t\t<div class=\"elementor-widget-container\">\n\t\t\t\t\t<h1 class=\"elementor-heading-title elementor-size-default\">Otras  webs del  grupo<\/h1>\t\t\t\t<\/div>\n\t\t\t\t<\/div>\n\t\t\t\t\t<\/div>\n\t\t<\/div>\n\t\t\t\t\t<\/div>\n\t\t<\/section>\n\t\t\t\t<section class=\"elementor-section elementor-top-section elementor-element elementor-element-2d4a210 bg-grey elementor-section-boxed elementor-section-height-default elementor-section-height-default\" data-id=\"2d4a210\" data-element_type=\"section\">\n\t\t\t\t\t\t<div class=\"elementor-container elementor-column-gap-default\">\n\t\t\t\t\t<div class=\"elementor-column elementor-col-50 elementor-top-column elementor-element elementor-element-a67227e\" data-id=\"a67227e\" data-element_type=\"column\">\n\t\t\t<div class=\"elementor-widget-wrap elementor-element-populated\">\n\t\t\t\t\t\t<div class=\"elementor-element elementor-element-3ffc05c elementor-widget elementor-widget-heading\" data-id=\"3ffc05c\" data-element_type=\"widget\" data-widget_type=\"heading.default\">\n\t\t\t\t<div class=\"elementor-widget-container\">\n\t\t\t\t\t<h2 class=\"elementor-heading-title elementor-size-default\">EUROPA<\/h2>\t\t\t\t<\/div>\n\t\t\t\t<\/div>\n\t\t\t\t<div class=\"elementor-element elementor-element-7704d30 elementor-widget elementor-widget-image\" data-id=\"7704d30\" data-element_type=\"widget\" data-widget_type=\"image.default\">\n\t\t\t\t<div class=\"elementor-widget-container\">\n\t\t\t\t\t\t\t\t\t\t\t\t\t\t\t<img decoding=\"async\" width=\"96\" height=\"96\" src=\"https:\/\/www.pronokal.com\/es\/wp-content\/uploads\/2022\/02\/europe_cor_c-150x150.png\" class=\"attachment-thumbnail size-thumbnail wp-image-62499\" alt=\"\" srcset=\"https:\/\/www.pronokal.com\/es\/wp-content\/uploads\/2022\/02\/europe_cor_c-150x150.png 150w, https:\/\/www.pronokal.com\/es\/wp-content\/uploads\/2022\/02\/europe_cor_c-250x250.png 250w, https:\/\/www.pronokal.com\/es\/wp-content\/uploads\/2022\/02\/europe_cor_c-120x120.png 120w, https:\/\/www.pronokal.com\/es\/wp-content\/uploads\/2022\/02\/europe_cor_c.png 256w\" sizes=\"(max-width: 96px) 100vw, 96px\" \/>\t\t\t\t\t\t\t\t\t\t\t\t\t\t\t<\/div>\n\t\t\t\t<\/div>\n\t\t\t\t<div class=\"elementor-element elementor-element-1975627 elementor-widget elementor-widget-text-editor\" data-id=\"1975627\" data-element_type=\"widget\" data-widget_type=\"text-editor.default\">\n\t\t\t\t<div class=\"elementor-widget-container\">\n\t\t\t\t\t\t\t\t\t<p style=\"text-align: center;\"><strong><span style=\"color: #b08e43;\"><a style=\"color: #b08e43;\" href=\"https:\/\/www.pronokal.com\/it\/\" target=\"_blank\" rel=\"noopener\">Italia<\/a><\/span><\/strong><\/p><p style=\"text-align: center;\"><strong><span style=\"color: #b08e43;\"><a style=\"color: #b08e43;\" href=\"https:\/\/www.pronokal.com\/be-nl\/\" target=\"_blank\" rel=\"noopener\">B\u00e9lgica NL<\/a><\/span><\/strong><\/p><p style=\"text-align: center;\"><strong><span style=\"color: #b08e43;\"><a style=\"color: #b08e43;\" href=\"https:\/\/www.pronokal.com\/be-fr\/\" target=\"_blank\" rel=\"noopener\">B\u00e9lgica FR<\/a><\/span><\/strong><\/p><p style=\"text-align: center;\"><strong><span style=\"color: #b08e43;\"><a style=\"color: #b08e43;\" href=\"https:\/\/www.pronokal.com\/pt\/\" target=\"_blank\" rel=\"noopener\">Portugal<\/a><\/span><\/strong><\/p><p style=\"text-align: center;\"><strong><span style=\"color: #b08e43;\"><a style=\"color: #b08e43;\" href=\"https:\/\/www.pronokal.com\/ch-fr\/\" target=\"_blank\" rel=\"noopener\">Suiza<\/a><\/span><\/strong><\/p>\t\t\t\t\t\t\t\t<\/div>\n\t\t\t\t<\/div>\n\t\t\t\t\t<\/div>\n\t\t<\/div>\n\t\t\t\t<div class=\"elementor-column elementor-col-50 elementor-top-column elementor-element elementor-element-0f42cec\" data-id=\"0f42cec\" data-element_type=\"column\">\n\t\t\t<div class=\"elementor-widget-wrap elementor-element-populated\">\n\t\t\t\t\t\t<div class=\"elementor-element elementor-element-32ed40b elementor-widget elementor-widget-heading\" data-id=\"32ed40b\" data-element_type=\"widget\" data-widget_type=\"heading.default\">\n\t\t\t\t<div class=\"elementor-widget-container\">\n\t\t\t\t\t<h2 class=\"elementor-heading-title elementor-size-default\">LATAM<\/h2>\t\t\t\t<\/div>\n\t\t\t\t<\/div>\n\t\t\t\t<div class=\"elementor-element elementor-element-c0f2a71 elementor-widget elementor-widget-image\" data-id=\"c0f2a71\" data-element_type=\"widget\" data-widget_type=\"image.default\">\n\t\t\t\t<div class=\"elementor-widget-container\">\n\t\t\t\t\t\t\t\t\t\t\t\t\t\t\t<img decoding=\"async\" width=\"96\" height=\"96\" src=\"https:\/\/www.pronokal.com\/es\/wp-content\/uploads\/2022\/02\/south-america_cor_c-150x150.png\" class=\"attachment-thumbnail size-thumbnail wp-image-62498\" alt=\"\" srcset=\"https:\/\/www.pronokal.com\/es\/wp-content\/uploads\/2022\/02\/south-america_cor_c-150x150.png 150w, https:\/\/www.pronokal.com\/es\/wp-content\/uploads\/2022\/02\/south-america_cor_c-250x250.png 250w, https:\/\/www.pronokal.com\/es\/wp-content\/uploads\/2022\/02\/south-america_cor_c-120x120.png 120w, https:\/\/www.pronokal.com\/es\/wp-content\/uploads\/2022\/02\/south-america_cor_c.png 256w\" sizes=\"(max-width: 96px) 100vw, 96px\" \/>\t\t\t\t\t\t\t\t\t\t\t\t\t\t\t<\/div>\n\t\t\t\t<\/div>\n\t\t\t\t<div class=\"elementor-element elementor-element-8f63eb5 elementor-widget elementor-widget-text-editor\" data-id=\"8f63eb5\" data-element_type=\"widget\" data-widget_type=\"text-editor.default\">\n\t\t\t\t<div class=\"elementor-widget-container\">\n\t\t\t\t\t\t\t\t\t<p style=\"text-align: center;\"><strong><span style=\"color: #b08e43;\"><a style=\"color: #b08e43;\" href=\"https:\/\/www.pronokal.com\/uy\/\" target=\"_blank\" rel=\"noopener\">Uruguay<\/a><\/span><\/strong><\/p>\n\n<p style=\"text-align: center;\"><strong><span style=\"color: #b08e43;\"><a style=\"color: #b08e43;\" href=\"https:\/\/www.pronokal.com\/do\/\" target=\"_blank\" rel=\"noopener\">Rep\u00fablica Dominicana<\/a><\/span><\/strong><\/p>\t\t\t\t\t\t\t\t<\/div>\n\t\t\t\t<\/div>\n\t\t\t\t\t<\/div>\n\t\t<\/div>\n\t\t\t\t\t<\/div>\n\t\t<\/section>\n\t\t\t\t<section class=\"elementor-section elementor-top-section elementor-element elementor-element-dad5315 elementor-section-boxed elementor-section-height-default elementor-section-height-default\" data-id=\"dad5315\" data-element_type=\"section\">\n\t\t\t\t\t\t<div class=\"elementor-container elementor-column-gap-default\">\n\t\t\t\t\t<div class=\"elementor-column elementor-col-100 elementor-top-column elementor-element elementor-element-2fb0dd2\" data-id=\"2fb0dd2\" data-element_type=\"column\">\n\t\t\t<div class=\"elementor-widget-wrap elementor-element-populated\">\n\t\t\t\t\t\t<div class=\"elementor-element elementor-element-5dd3bbd elementor-widget-divider--view-line elementor-widget elementor-widget-divider\" data-id=\"5dd3bbd\" data-element_type=\"widget\" data-widget_type=\"divider.default\">\n\t\t\t\t<div class=\"elementor-widget-container\">\n\t\t\t\t\t\t\t<div class=\"elementor-divider\">\n\t\t\t<span class=\"elementor-divider-separator\">\n\t\t\t\t\t\t<\/span>\n\t\t<\/div>\n\t\t\t\t\t\t<\/div>\n\t\t\t\t<\/div>\n\t\t\t\t<div class=\"elementor-element elementor-element-a57ddf6 elementor-widget elementor-widget-heading\" data-id=\"a57ddf6\" data-element_type=\"widget\" data-widget_type=\"heading.default\">\n\t\t\t\t<div class=\"elementor-widget-container\">\n\t\t\t\t\t<h4 class=\"elementor-heading-title elementor-size-default\"><a href=\"https:\/\/www.pronokal.com\/es\/opiniones-pronokal\/\">Y no te pierdas las <strong>Historias de Superaci\u00f3n<\/strong> en:<\/a><\/h4>\t\t\t\t<\/div>\n\t\t\t\t<\/div>\n\t\t\t\t<div class=\"elementor-element elementor-element-3e333c6 elementor-widget elementor-widget-image\" data-id=\"3e333c6\" data-element_type=\"widget\" data-widget_type=\"image.default\">\n\t\t\t\t<div class=\"elementor-widget-container\">\n\t\t\t\t\t\t\t\t\t\t\t\t\t\t\t\t<a href=\"https:\/\/www.pronokal.com\/es\/opiniones-pronokal\/\">\n\t\t\t\t\t\t\t<img decoding=\"async\" width=\"278\" height=\"62\" src=\"https:\/\/www.pronokal.com\/es\/wp-content\/uploads\/2019\/05\/logo-comprometidos.png\" class=\"attachment-large size-large wp-image-6894\" alt=\"PronoKal\" srcset=\"https:\/\/www.pronokal.com\/es\/wp-content\/uploads\/2019\/05\/logo-comprometidos.png 278w, https:\/\/www.pronokal.com\/es\/wp-content\/uploads\/2019\/05\/logo-comprometidos-250x56.png 250w, https:\/\/www.pronokal.com\/es\/wp-content\/uploads\/2019\/05\/logo-comprometidos-120x27.png 120w\" sizes=\"(max-width: 278px) 100vw, 278px\" \/>\t\t\t\t\t\t\t\t<\/a>\n\t\t\t\t\t\t\t\t\t\t\t\t\t\t\t<\/div>\n\t\t\t\t<\/div>\n\t\t\t\t<div class=\"elementor-element elementor-element-3709402 elementor-widget-divider--view-line elementor-widget elementor-widget-divider\" data-id=\"3709402\" data-element_type=\"widget\" data-widget_type=\"divider.default\">\n\t\t\t\t<div class=\"elementor-widget-container\">\n\t\t\t\t\t\t\t<div class=\"elementor-divider\">\n\t\t\t<span class=\"elementor-divider-separator\">\n\t\t\t\t\t\t<\/span>\n\t\t<\/div>\n\t\t\t\t\t\t<\/div>\n\t\t\t\t<\/div>\n\t\t\t\t\t<\/div>\n\t\t<\/div>\n\t\t\t\t\t<\/div>\n\t\t<\/section>\n\t\t\t\t<\/div>\n\t\t","protected":false},"excerpt":{"rendered":"Otras webs del grupo EUROPA Italia B\u00e9lgica NL B\u00e9lgica FR Portugal Suiza LATAM Uruguay Rep\u00fablica Dominicana Y no te pierdas las Historias de Superaci\u00f3n en:","protected":false},"author":1,"featured_media":0,"parent":0,"menu_order":0,"comment_status":"closed","ping_status":"closed","template":"","meta":{"footnotes":""},"class_list":["post-34","page","type-page","status-publish","hentry"],"acf":[],"amp_enabled":true,"_links":{"self":[{"href":"https:\/\/www.pronokal.com\/es\/wp-json\/wp\/v2\/pages\/34","targetHints":{"allow":["GET"]}}],"collection":[{"href":"https:\/\/www.pronokal.com\/es\/wp-json\/wp\/v2\/pages"}],"about":[{"href":"https:\/\/www.pronokal.com\/es\/wp-json\/wp\/v2\/types\/page"}],"author":[{"embeddable":true,"href":"https:\/\/www.pronokal.com\/es\/wp-json\/wp\/v2\/users\/1"}],"replies":[{"embeddable":true,"href":"https:\/\/www.pronokal.com\/es\/wp-json\/wp\/v2\/comments?post=34"}],"version-history":[{"count":76,"href":"https:\/\/www.pronokal.com\/es\/wp-json\/wp\/v2\/pages\/34\/revisions"}],"predecessor-version":[{"id":133214,"href":"https:\/\/www.pronokal.com\/es\/wp-json\/wp\/v2\/pages\/34\/revisions\/133214"}],"wp:attachment":[{"href":"https:\/\/www.pronokal.com\/es\/wp-json\/wp\/v2\/media?parent=34"}],"curies":[{"name":"wp","href":"https:\/\/api.w.org\/{rel}","templated":true}]}}