{"id":54829,"date":"2021-09-27T13:19:13","date_gmt":"2021-09-27T11:19:13","guid":{"rendered":"https:\/\/www.pronokal.com\/es\/?page_id=54829"},"modified":"2023-09-29T16:32:45","modified_gmt":"2023-09-29T14:32:45","slug":"politica-privacidad-whatsapp","status":"publish","type":"page","link":"https:\/\/www.pronokal.com\/es\/politica-privacidad-whatsapp\/","title":{"rendered":"Pol\u00edtica de privacidad Whatsapp"},"content":{"rendered":"\t\t<div data-elementor-type=\"wp-post\" data-elementor-id=\"54829\" class=\"elementor elementor-54829\" data-elementor-post-type=\"page\">\n\t\t\t\t\t\t<section class=\"elementor-section elementor-top-section elementor-element elementor-element-9806ab4 elementor-section-boxed elementor-section-height-default elementor-section-height-default\" data-id=\"9806ab4\" data-element_type=\"section\">\n\t\t\t\t\t\t<div class=\"elementor-container elementor-column-gap-default\">\n\t\t\t\t\t<div class=\"elementor-column elementor-col-100 elementor-top-column elementor-element elementor-element-da0f975\" data-id=\"da0f975\" data-element_type=\"column\">\n\t\t\t<div class=\"elementor-widget-wrap elementor-element-populated\">\n\t\t\t\t\t\t<div class=\"elementor-element elementor-element-2bfabcd elementor-widget elementor-widget-heading\" data-id=\"2bfabcd\" data-element_type=\"widget\" data-widget_type=\"heading.default\">\n\t\t\t\t<div class=\"elementor-widget-container\">\n\t\t\t\t\t<h1 class=\"elementor-heading-title elementor-size-large\">Pol\u00edtica de Privacidad:<br>\ntratamiento datos Whatsapp<\/h1>\t\t\t\t<\/div>\n\t\t\t\t<\/div>\n\t\t\t\t\t<\/div>\n\t\t<\/div>\n\t\t\t\t\t<\/div>\n\t\t<\/section>\n\t\t\t\t<section class=\"elementor-section elementor-top-section elementor-element elementor-element-6c79a64 elementor-section-boxed elementor-section-height-default elementor-section-height-default\" data-id=\"6c79a64\" data-element_type=\"section\">\n\t\t\t\t\t\t<div class=\"elementor-container elementor-column-gap-default\">\n\t\t\t\t\t<div class=\"elementor-column elementor-col-16 elementor-top-column elementor-element elementor-element-1933392\" data-id=\"1933392\" data-element_type=\"column\">\n\t\t\t<div class=\"elementor-widget-wrap\">\n\t\t\t\t\t\t\t<\/div>\n\t\t<\/div>\n\t\t\t\t<div class=\"elementor-column elementor-col-66 elementor-top-column elementor-element elementor-element-698c140\" data-id=\"698c140\" data-element_type=\"column\">\n\t\t\t<div class=\"elementor-widget-wrap elementor-element-populated\">\n\t\t\t\t\t\t<div class=\"elementor-element elementor-element-3fca405 elementor-widget elementor-widget-text-editor\" data-id=\"3fca405\" data-element_type=\"widget\" data-widget_type=\"text-editor.default\">\n\t\t\t\t<div class=\"elementor-widget-container\">\n\t\t\t\t\t\t\t\t\t<h2>1.&nbsp;&nbsp;&nbsp;&nbsp;&nbsp; INTRODUCCI\u00d3N<\/h2>\n<div>&nbsp;<\/div>\n<p>Su privacidad es importante para nosotros, as\u00ed que, mediante este documento, le explicamos qu\u00e9 datos recogemos de los usuarios, c\u00f3mo los utilizamos y para qu\u00e9, entre otras indicaciones.&nbsp;<\/p>\n<p>Para su informaci\u00f3n, nunca pediremos m\u00e1s informaci\u00f3n de la que realmente necesitaremos para los servicios requeridos; nunca la compartiremos con terceros, excepto por obligaci\u00f3n legal o con su autorizaci\u00f3n previa; y nunca utilizaremos sus datos para otra finalidad no indicada previamente.<\/p>\n<p>Como usuarios, deber\u00e1 leer atentamente esta Pol\u00edtica de Privacidad de manera regular, y siempre que introduzca sus datos personales, ya que este documento puede sufrir modificaciones ya que el prestador puede modificar cualquier tipo de informaci\u00f3n que pudiera aparecer en la web para cumplir con la normativa o actualizar la pol\u00edtica, y sin que exista la obligaci\u00f3n de preavisar o poner en conocimiento de los usuarios dichas obligaciones, siendo suficientes la publicaci\u00f3n en el sitio web del prestador.<\/p>\n<h2>2.&nbsp;&nbsp;&nbsp;&nbsp;&nbsp; ASPECTOS GENERALES DEL TRATAMIENTO DE DATOS PERSONALES<\/h2>\n<h3><u>RESPONSABLE DEL TRATAMIENTO:<\/u><\/h3>\n<p>Identidad:<strong>&nbsp;<\/strong><strong>PNKDIET, S.L.U. (<\/strong>tambi\u00e9n el prestador, la Compa\u00f1\u00eda o <strong>PronoKal\u00ae<\/strong>))<\/p>\n<p>NIF:<strong> B66256199 <\/strong><\/p>\n<p>Direcci\u00f3n postal:<strong>&nbsp;c\/ Roger de Ll\u00faria n\u00ba 58, 08009, Barcelona<\/strong><\/p>\n<p>Correo electr\u00f3nico:<strong>&nbsp;<\/strong><strong>info@pronokal.com<\/strong><\/p>\n<p>Delegado de Protecci\u00f3n de Datos:<strong>&nbsp;DPO@<\/strong><strong>pronokalgroup.com<\/strong><\/p>\n<p><b>PronoKal\u00ae<\/b>, como responsable del sitio web de conformidad con lo dispuesto en el Reglamento (UE) 2016\/679 de 27 de abril de 2016 (RGPD) relativo a la protecci\u00f3n de las personas f\u00edsicas en lo que respecta al tratamiento de datos personales ya la libre circulaci\u00f3n de estos datos y dem\u00e1s normativa vigente en materia de protecci\u00f3n de datos personales, y por la Ley 34\/2002, de 11 de julio, de Servicios de la Sociedad de la Informaci\u00f3n y del Comercio Electr\u00f3nico (LSSICE), le informa que tiene implementadas las medidas de seguridad necesarias, de \u00edndole t\u00e9cnica y organizativas, para garantizar y proteger la confidencialidad, integridad y disponibilidad de los datos introducidos.<\/p>\n<p>Cuando los usuarios den el consentimiento con la finalidad de comunicarse con <b>PronoKal\u00ae<\/b> a trav\u00e9s de la aplicaci\u00f3n, la compa\u00f1\u00eda realizar\u00e1 un tratamiento de sus datos personales, de conformidad con la presente pol\u00edtica de Privacidad.&nbsp;<\/p>\n<p>La Compa\u00f1\u00eda se reserva el derecho a modificar en cualquier momento esta Pol\u00edtica de Privacidad, por lo que le recomendamos que la visite cada vez que acceda al usar la aplicaci\u00f3n.<br><br><\/p>\n<h3><u>DATOS QUE PRONOKAL\u00ae RECOPILA, M\u00c9TODO DE OBTENCI\u00d3N Y FINALIDAD:<\/u><\/h3>\n<p>El m\u00e9todo de obtenci\u00f3n de los datos es mediante el uso de WhatsApp Business, conjunto de datos que la Compa\u00f1\u00eda recopila y las finalidades para los que se utilizaran:&nbsp;<\/p>\n<p>El tratamiento de los datos que se lleven a cabo de las personas que se comuniquen a trav\u00e9s de WhatsApp Business de <b>PronoKal\u00ae<\/b> se regir\u00e1 por este apartado, as\u00ed como aquellas condiciones de uso, pol\u00edticas de privacidad y normativas de acceso que pertenezcan a la aplicaci\u00f3n que procedan en cada caso y aceptadas previamente por el usuario. <b>PronoKal\u00ae<\/b>, tratar\u00e1 sus datos con la finalidad de comunicarnos con Ud. a trav\u00e9s de esta aplicaci\u00f3n para (i) notificarle sobre sus pr\u00f3ximas citas relacionadas con su tratamiento, (ii) agilizar la comunicaci\u00f3n entre Ud. y <b>PronoKal\u00ae<\/b> y (iii) enviarle comunicaciones comerciales publicitarias, en caso de disponer de su consentimiento. Este tratamiento de datos se realizar\u00e1 siempre tras haber recabado su consentimiento expreso para ello.<\/p>\n<p>Queda prohibido el uso del WhatsApp de <b>PronoKal\u00ae<\/b> para el env\u00edo de contenidos que no sean los necesarios para la respuesta a los servicios contratados y que sean il\u00edcitos por la normativa nacional o internacional que atente contra los derechos fundamentales de las personas y en general que contravengan los principios de legalidad, honradez, responsabilidad, protecci\u00f3n de la vida privada, la protecci\u00f3n del consumidor y los derechos de propiedad intelectual e industrial.<\/p>\n<div><br><\/div>\n<h3><u>DESTINATARIOS DE CESIONES O TRANSFERENCIAS:<\/u><\/h3>\n<p>Los datos personales del usuario podr\u00e1n ser cedidos a terceros (m\u00e9dicos, dietistas y el resto de los profesionales de salud de <b>PronoKal\u00ae<\/b> asignados a su dieta) que act\u00faan siempre como corresponsables de tratamiento de sus datos. Dicho acceso y tratamiento de datos est\u00e1 regulado por un acuerdo de corresponsabilidad.&nbsp;<\/p>\n<p>Asimismo, sus datos son tratados por WhatsApp Ireland Limited como prestador de servicios, en nombre y por cuenta de <b>PronoKal\u00ae<\/b> en calidad de encargado del tratamiento, que aplica medidas de seguridad t\u00e9cnicas que aseguran la confidencialidad, integridad y disponibilidad de su informaci\u00f3n, seg\u00fan indica su propia <a href=\"https:\/\/www.whatsapp.com\/legal\/privacy-policy-eea\">pol\u00edtica de privacidad<\/a>. Tenga en cuenta que, seg\u00fan se indica en su <a href=\"https:\/\/www.whatsapp.com\/legal\/business-data-transfer-addendum\">pol\u00edtica<\/a>, le informamos que se llevar\u00e1n a cabo transferencias internacionales de datos que afecten a sus datos. Dichas transferencias internacionales se realizan aplicando las garant\u00edas adecuadas en base a la firma de las Cl\u00e1usulas Contractuales Tipo aprobadas por la Comisi\u00f3n, de conformidad con el art\u00edculo 46.2.c) del RGPD.<\/p>\n<p>No se prev\u00e9n m\u00e1s cesiones, salvo por obligaci\u00f3n legal o requerimiento judicial. Sus datos se conservar\u00e1n mientras dure la finalidad para la que se han obtenido y, una vez ya no sean necesarios, se mantendr\u00e1n debidamente bloqueados, archivados y conservados durante el tiempo legalmente establecido.<\/p>\n<div><br><\/div>\n<h3><u>DERECHOS DE LAS PERSONAS INTERESADAS:<\/u><\/h3>\n<p>Tiene derecho a solicitar el acceso, rectificaci\u00f3n, portabilidad y supresi\u00f3n de sus datos y la limitaci\u00f3n y oposici\u00f3n a su tratamiento dirigi\u00e9ndose a <b>PRONOKAL GROUP \u00ae<\/b>, enviando un correo electr\u00f3nico a <a href=\"mailto:dpo@pronokalgroup.com\">dpo@pronokalgroup.com<\/a>. Recuerde que, en cualquier caso, utilizaremos todas las medidas razonables para verificar su identidad, por lo que, en caso de existir dudas, podremos solicitarle que proporcione informaci\u00f3n adicional necesaria para confirmar su identidad. Tiene igualmente derecho a retirar el consentimiento prestado en cualquier momento. La retirada del consentimiento no afectar\u00e1 a la licitud del tratamiento efectuado antes de la retirada del mismo. Tambi\u00e9n tiene derecho a presentar una reclamaci\u00f3n, si considera que el tratamiento de datos personales no se ajusta a la normativa vigente, ante la Autoridad de control (<a href=\"http:\/\/www.aepd.es\">www.aepd.es<\/a>).<br><\/p>\t\t\t\t\t\t\t\t<\/div>\n\t\t\t\t<\/div>\n\t\t\t\t\t<\/div>\n\t\t<\/div>\n\t\t\t\t<div class=\"elementor-column elementor-col-16 elementor-top-column elementor-element elementor-element-2446eea\" data-id=\"2446eea\" data-element_type=\"column\">\n\t\t\t<div class=\"elementor-widget-wrap\">\n\t\t\t\t\t\t\t<\/div>\n\t\t<\/div>\n\t\t\t\t\t<\/div>\n\t\t<\/section>\n\t\t\t\t<\/div>\n\t\t","protected":false},"excerpt":{"rendered":"Pol\u00edtica de Privacidad: tratamiento datos Whatsapp 1.&nbsp;&nbsp;&nbsp;&nbsp;&nbsp; INTRODUCCI\u00d3N &nbsp; Su privacidad es importante para nosotros, as\u00ed que, mediante este documento, le explicamos qu\u00e9 datos recogemos de los usuarios, c\u00f3mo los utilizamos y para qu\u00e9, entre otras indicaciones.&nbsp; Para su informaci\u00f3n, nunca pediremos m\u00e1s informaci\u00f3n de la que realmente necesitaremos para los servicios requeridos; nunca la [&hellip;]","protected":false},"author":5,"featured_media":0,"parent":0,"menu_order":0,"comment_status":"closed","ping_status":"closed","template":"","meta":{"footnotes":""},"class_list":["post-54829","page","type-page","status-publish","hentry"],"acf":[],"amp_enabled":true,"_links":{"self":[{"href":"https:\/\/www.pronokal.com\/es\/wp-json\/wp\/v2\/pages\/54829","targetHints":{"allow":["GET"]}}],"collection":[{"href":"https:\/\/www.pronokal.com\/es\/wp-json\/wp\/v2\/pages"}],"about":[{"href":"https:\/\/www.pronokal.com\/es\/wp-json\/wp\/v2\/types\/page"}],"author":[{"embeddable":true,"href":"https:\/\/www.pronokal.com\/es\/wp-json\/wp\/v2\/users\/5"}],"replies":[{"embeddable":true,"href":"https:\/\/www.pronokal.com\/es\/wp-json\/wp\/v2\/comments?post=54829"}],"version-history":[{"count":17,"href":"https:\/\/www.pronokal.com\/es\/wp-json\/wp\/v2\/pages\/54829\/revisions"}],"predecessor-version":[{"id":109563,"href":"https:\/\/www.pronokal.com\/es\/wp-json\/wp\/v2\/pages\/54829\/revisions\/109563"}],"wp:attachment":[{"href":"https:\/\/www.pronokal.com\/es\/wp-json\/wp\/v2\/media?parent=54829"}],"curies":[{"name":"wp","href":"https:\/\/api.w.org\/{rel}","templated":true}]}}