{"id":58794,"date":"2021-12-20T12:38:59","date_gmt":"2021-12-20T10:38:59","guid":{"rendered":"https:\/\/www.pronokal.com\/es\/?page_id=58794"},"modified":"2022-01-21T13:34:24","modified_gmt":"2022-01-21T11:34:24","slug":"genomics-tecnicas-mantenimiento","status":"publish","type":"page","link":"https:\/\/www.pronokal.com\/es\/genomics-tecnicas-mantenimiento\/","title":{"rendered":"Genomics t\u00e9cnicas mantenimiento"},"content":{"rendered":"\t\t<div data-elementor-type=\"wp-post\" data-elementor-id=\"58794\" class=\"elementor elementor-58794\" data-elementor-post-type=\"page\">\n\t\t\t\t\t\t<section class=\"elementor-section elementor-top-section elementor-element elementor-element-f7f6945 elementor-section-boxed elementor-section-height-default elementor-section-height-default\" data-id=\"f7f6945\" data-element_type=\"section\">\n\t\t\t\t\t\t<div class=\"elementor-container elementor-column-gap-default\">\n\t\t\t\t\t<div class=\"elementor-column elementor-col-100 elementor-top-column elementor-element elementor-element-9db4fb9\" data-id=\"9db4fb9\" data-element_type=\"column\">\n\t\t\t<div class=\"elementor-widget-wrap elementor-element-populated\">\n\t\t\t\t\t\t<div class=\"elementor-element elementor-element-164f02f elementor-widget elementor-widget-heading\" data-id=\"164f02f\" data-element_type=\"widget\" data-widget_type=\"heading.default\">\n\t\t\t\t<div class=\"elementor-widget-container\">\n\t\t\t\t\t<h1 class=\"elementor-heading-title elementor-size-default\">Genomics:<br>T\u00e9cnicas de Mantenimiento<\/h1>\t\t\t\t<\/div>\n\t\t\t\t<\/div>\n\t\t\t\t\t<\/div>\n\t\t<\/div>\n\t\t\t\t\t<\/div>\n\t\t<\/section>\n\t\t\t\t<section class=\"elementor-section elementor-top-section elementor-element elementor-element-31bd20c elementor-section-boxed elementor-section-height-default elementor-section-height-default\" data-id=\"31bd20c\" data-element_type=\"section\">\n\t\t\t\t\t\t<div class=\"elementor-container elementor-column-gap-default\">\n\t\t\t\t\t<div class=\"elementor-column elementor-col-100 elementor-top-column elementor-element elementor-element-4321834\" data-id=\"4321834\" data-element_type=\"column\">\n\t\t\t<div class=\"elementor-widget-wrap elementor-element-populated\">\n\t\t\t\t\t\t<div class=\"elementor-element elementor-element-b823a39 elementor-widget elementor-widget-text-editor\" data-id=\"b823a39\" data-element_type=\"widget\" data-widget_type=\"text-editor.default\">\n\t\t\t\t<div class=\"elementor-widget-container\">\n\t\t\t\t\t\t\t\t\t<p style=\"text-align: center;\">A continuaci\u00f3n, podr\u00e1s <strong>visualizar y descargar<\/strong> las t\u00e9cnicas de conducta alimentaria y de descanso pertenecientes al <strong>informe de mantenimiento<\/strong>.<\/p><p style=\"text-align: center;\"><strong>Es importante que te dirijas \u00fanicamente a las t\u00e9cnicas que aparecen indicadas en tu informe<\/strong>, ya que son las que te corresponden por tus caracter\u00edsticas gen\u00e9ticas.<\/p><p style=\"text-align: center;\">Recuerda que, para que sean efectivas, estas t\u00e9cnicas <strong>debes aplicarlas en el orden y con la periodicidad indicados en tu informe<\/strong>.<\/p>\t\t\t\t\t\t\t\t<\/div>\n\t\t\t\t<\/div>\n\t\t\t\t\t<\/div>\n\t\t<\/div>\n\t\t\t\t\t<\/div>\n\t\t<\/section>\n\t\t\t\t<section class=\"elementor-section elementor-top-section elementor-element elementor-element-d1dc182 elementor-section-boxed elementor-section-height-default elementor-section-height-default\" data-id=\"d1dc182\" data-element_type=\"section\">\n\t\t\t\t\t\t<div class=\"elementor-container elementor-column-gap-default\">\n\t\t\t\t\t<div class=\"elementor-column elementor-col-100 elementor-top-column elementor-element elementor-element-82ef949\" data-id=\"82ef949\" data-element_type=\"column\">\n\t\t\t<div class=\"elementor-widget-wrap elementor-element-populated\">\n\t\t\t\t\t\t<div class=\"elementor-element elementor-element-9ee6259 elementor-widget-divider--view-line elementor-widget elementor-widget-divider\" data-id=\"9ee6259\" data-element_type=\"widget\" data-widget_type=\"divider.default\">\n\t\t\t\t<div class=\"elementor-widget-container\">\n\t\t\t\t\t\t\t<div class=\"elementor-divider\">\n\t\t\t<span class=\"elementor-divider-separator\">\n\t\t\t\t\t\t<\/span>\n\t\t<\/div>\n\t\t\t\t\t\t<\/div>\n\t\t\t\t<\/div>\n\t\t\t\t\t<\/div>\n\t\t<\/div>\n\t\t\t\t\t<\/div>\n\t\t<\/section>\n\t\t\t\t<section class=\"elementor-section elementor-top-section elementor-element elementor-element-0973cbe elementor-section-boxed elementor-section-height-default elementor-section-height-default\" data-id=\"0973cbe\" data-element_type=\"section\">\n\t\t\t\t\t\t<div class=\"elementor-container elementor-column-gap-default\">\n\t\t\t\t\t<div class=\"elementor-column elementor-col-50 elementor-top-column elementor-element elementor-element-03885b7\" data-id=\"03885b7\" data-element_type=\"column\">\n\t\t\t<div class=\"elementor-widget-wrap elementor-element-populated\">\n\t\t\t\t\t\t<div class=\"elementor-element elementor-element-1efed90 elementor-widget elementor-widget-heading\" data-id=\"1efed90\" data-element_type=\"widget\" data-widget_type=\"heading.default\">\n\t\t\t\t<div class=\"elementor-widget-container\">\n\t\t\t\t\t<h2 class=\"elementor-heading-title elementor-size-default\"><a href=\"https:\/\/www.pronokal.com\/es\/wp-content\/uploads\/2022\/01\/Genomics_Tecnicas-Conducta_Mantenimiento_co.pdf\" target=\"_blank\">T\u00e9cnicas de conducta alimentaria<\/a><\/h2>\t\t\t\t<\/div>\n\t\t\t\t<\/div>\n\t\t\t\t<div class=\"elementor-element elementor-element-ad193f4 elementor-widget elementor-widget-image\" data-id=\"ad193f4\" data-element_type=\"widget\" data-widget_type=\"image.default\">\n\t\t\t\t<div class=\"elementor-widget-container\">\n\t\t\t\t\t\t\t\t\t\t\t\t\t\t\t\t<a href=\"https:\/\/www.pronokal.com\/es\/wp-content\/uploads\/2022\/01\/Genomics_Tecnicas-Conducta_Mantenimiento_co.pdf\" target=\"_blank\">\n\t\t\t\t\t\t\t<img decoding=\"async\" src=\"https:\/\/www.pronokal.com\/es\/wp-content\/uploads\/elementor\/thumbs\/pexels-alleksana-4050990-1-pwuqjpbz47z4vcf3qxt3vqd1x6wej21w3mlwu3vd14.jpg\" title=\"pexels-alleksana-4050990 (1)\" alt=\"pexels-alleksana-4050990 (1)\" loading=\"lazy\" \/>\t\t\t\t\t\t\t\t<\/a>\n\t\t\t\t\t\t\t\t\t\t\t\t\t\t\t<\/div>\n\t\t\t\t<\/div>\n\t\t\t\t<div class=\"elementor-element elementor-element-3945a1b elementor-align-center elementor-widget elementor-widget-button\" data-id=\"3945a1b\" data-element_type=\"widget\" data-widget_type=\"button.default\">\n\t\t\t\t<div class=\"elementor-widget-container\">\n\t\t\t\t\t\t\t\t\t<div class=\"elementor-button-wrapper\">\n\t\t\t\t\t<a class=\"elementor-button elementor-button-link elementor-size-sm\" href=\"https:\/\/www.pronokal.com\/es\/wp-content\/uploads\/2022\/01\/Genomics_Tecnicas-Conducta_Mantenimiento_co.pdf\" target=\"_blank\">\n\t\t\t\t\t\t<span class=\"elementor-button-content-wrapper\">\n\t\t\t\t\t\t<span class=\"elementor-button-icon\">\n\t\t\t\t\t\t\t\t\t<i class=\"fa fa-file-pdf-o\" aria-hidden=\"true\"><\/i>\n\t\t\t\t\t\t\t<\/span>\n\t\t\t\t\t\t\t\t\t<span class=\"elementor-button-text\">Descargar PDF<\/span>\n\t\t\t\t\t<\/span>\n\t\t\t\t\t<\/a>\n\t\t\t\t<\/div>\n\t\t\t\t\t\t\t\t<\/div>\n\t\t\t\t<\/div>\n\t\t\t\t\t<\/div>\n\t\t<\/div>\n\t\t\t\t<div class=\"elementor-column elementor-col-50 elementor-top-column elementor-element elementor-element-30b3b22\" data-id=\"30b3b22\" data-element_type=\"column\">\n\t\t\t<div class=\"elementor-widget-wrap elementor-element-populated\">\n\t\t\t\t\t\t<div class=\"elementor-element elementor-element-5783f02 elementor-widget elementor-widget-heading\" data-id=\"5783f02\" data-element_type=\"widget\" data-widget_type=\"heading.default\">\n\t\t\t\t<div class=\"elementor-widget-container\">\n\t\t\t\t\t<h2 class=\"elementor-heading-title elementor-size-default\"><a href=\"https:\/\/www.pronokal.com\/es\/wp-content\/uploads\/2022\/01\/Genomics_Tecnicas-de-Descanso_Mantenimiento_co.pdf\" target=\"_blank\">T\u00e9cnicas de descanso<\/a><\/h2>\t\t\t\t<\/div>\n\t\t\t\t<\/div>\n\t\t\t\t<div class=\"elementor-element elementor-element-5a73b47 elementor-widget elementor-widget-image\" data-id=\"5a73b47\" data-element_type=\"widget\" data-widget_type=\"image.default\">\n\t\t\t\t<div class=\"elementor-widget-container\">\n\t\t\t\t\t\t\t\t\t\t\t\t\t\t\t\t<a href=\"https:\/\/www.pronokal.com\/es\/wp-content\/uploads\/2022\/01\/Genomics_Tecnicas-de-Descanso_Mantenimiento_co.pdf\" target=\"_blank\">\n\t\t\t\t\t\t\t<img decoding=\"async\" src=\"https:\/\/www.pronokal.com\/es\/wp-content\/uploads\/elementor\/thumbs\/pexels-acharaporn-kamornboonyarush-1028741-1-pwuqjmigjpv9wij77el8692o51aavyqp38nge9zjjs.jpg\" title=\"pexels-acharaporn-kamornboonyarush-1028741 (1)\" alt=\"pexels-acharaporn-kamornboonyarush-1028741 (1)\" loading=\"lazy\" \/>\t\t\t\t\t\t\t\t<\/a>\n\t\t\t\t\t\t\t\t\t\t\t\t\t\t\t<\/div>\n\t\t\t\t<\/div>\n\t\t\t\t<div class=\"elementor-element elementor-element-7784b0f elementor-align-center elementor-widget elementor-widget-button\" data-id=\"7784b0f\" data-element_type=\"widget\" data-widget_type=\"button.default\">\n\t\t\t\t<div class=\"elementor-widget-container\">\n\t\t\t\t\t\t\t\t\t<div class=\"elementor-button-wrapper\">\n\t\t\t\t\t<a class=\"elementor-button elementor-button-link elementor-size-sm\" href=\"https:\/\/www.pronokal.com\/es\/wp-content\/uploads\/2022\/01\/Genomics_Tecnicas-de-Descanso_Mantenimiento_co.pdf\" target=\"_blank\">\n\t\t\t\t\t\t<span class=\"elementor-button-content-wrapper\">\n\t\t\t\t\t\t<span class=\"elementor-button-icon\">\n\t\t\t\t\t\t\t\t\t<i class=\"fa fa-file-pdf-o\" aria-hidden=\"true\"><\/i>\n\t\t\t\t\t\t\t<\/span>\n\t\t\t\t\t\t\t\t\t<span class=\"elementor-button-text\">Descargar PDF<\/span>\n\t\t\t\t\t<\/span>\n\t\t\t\t\t<\/a>\n\t\t\t\t<\/div>\n\t\t\t\t\t\t\t\t<\/div>\n\t\t\t\t<\/div>\n\t\t\t\t\t<\/div>\n\t\t<\/div>\n\t\t\t\t\t<\/div>\n\t\t<\/section>\n\t\t\t\t<\/div>\n\t\t","protected":false},"excerpt":{"rendered":"Genomics:T\u00e9cnicas de Mantenimiento A continuaci\u00f3n, podr\u00e1s visualizar y descargar las t\u00e9cnicas de conducta alimentaria y de descanso pertenecientes al informe de mantenimiento. Es importante que te dirijas \u00fanicamente a las t\u00e9cnicas que aparecen indicadas en tu informe, ya que son las que te corresponden por tus caracter\u00edsticas gen\u00e9ticas. Recuerda que, para que sean efectivas, estas [&hellip;]","protected":false},"author":5,"featured_media":0,"parent":0,"menu_order":0,"comment_status":"closed","ping_status":"closed","template":"elementor_canvas","meta":{"footnotes":""},"class_list":["post-58794","page","type-page","status-publish","hentry"],"acf":[],"amp_enabled":false,"_links":{"self":[{"href":"https:\/\/www.pronokal.com\/es\/wp-json\/wp\/v2\/pages\/58794","targetHints":{"allow":["GET"]}}],"collection":[{"href":"https:\/\/www.pronokal.com\/es\/wp-json\/wp\/v2\/pages"}],"about":[{"href":"https:\/\/www.pronokal.com\/es\/wp-json\/wp\/v2\/types\/page"}],"author":[{"embeddable":true,"href":"https:\/\/www.pronokal.com\/es\/wp-json\/wp\/v2\/users\/5"}],"replies":[{"embeddable":true,"href":"https:\/\/www.pronokal.com\/es\/wp-json\/wp\/v2\/comments?post=58794"}],"version-history":[{"count":23,"href":"https:\/\/www.pronokal.com\/es\/wp-json\/wp\/v2\/pages\/58794\/revisions"}],"predecessor-version":[{"id":78658,"href":"https:\/\/www.pronokal.com\/es\/wp-json\/wp\/v2\/pages\/58794\/revisions\/78658"}],"wp:attachment":[{"href":"https:\/\/www.pronokal.com\/es\/wp-json\/wp\/v2\/media?parent=58794"}],"curies":[{"name":"wp","href":"https:\/\/api.w.org\/{rel}","templated":true}]}}