{"id":38,"date":"2018-12-21T11:45:51","date_gmt":"2018-12-21T11:45:51","guid":{"rendered":"http:\/\/pronokal.com\/?page_id=38"},"modified":"2020-01-16T10:28:45","modified_gmt":"2020-01-16T08:28:45","slug":"politica-privacidad","status":"publish","type":"page","link":"https:\/\/www.pronokal.com\/pronokalnews-es\/politica-privacidad\/","title":{"rendered":"Pol\u00edtica de privacidad"},"content":{"rendered":"\t\t<div data-elementor-type=\"wp-post\" data-elementor-id=\"38\" class=\"elementor elementor-38 elementor-bc-flex-widget\" data-elementor-post-type=\"page\">\n\t\t\t\t\t\t<section class=\"elementor-section elementor-top-section elementor-element elementor-element-9806ab4 elementor-section-boxed elementor-section-height-default elementor-section-height-default\" data-id=\"9806ab4\" data-element_type=\"section\">\n\t\t\t\t\t\t<div class=\"elementor-container elementor-column-gap-default\">\n\t\t\t\t\t<div class=\"elementor-column elementor-col-100 elementor-top-column elementor-element elementor-element-da0f975\" data-id=\"da0f975\" data-element_type=\"column\">\n\t\t\t<div class=\"elementor-widget-wrap elementor-element-populated\">\n\t\t\t\t\t\t<div class=\"elementor-element elementor-element-2bfabcd elementor-widget elementor-widget-heading\" data-id=\"2bfabcd\" data-element_type=\"widget\" data-widget_type=\"heading.default\">\n\t\t\t\t<div class=\"elementor-widget-container\">\n\t\t\t\t\t<h1 class=\"elementor-heading-title elementor-size-large\">Pol\u00edtica de Privacidad<\/h1>\t\t\t\t<\/div>\n\t\t\t\t<\/div>\n\t\t\t\t\t<\/div>\n\t\t<\/div>\n\t\t\t\t\t<\/div>\n\t\t<\/section>\n\t\t\t\t<section class=\"elementor-section elementor-top-section elementor-element elementor-element-6c79a64 elementor-section-boxed elementor-section-height-default elementor-section-height-default\" data-id=\"6c79a64\" data-element_type=\"section\">\n\t\t\t\t\t\t<div class=\"elementor-container elementor-column-gap-default\">\n\t\t\t\t\t<div class=\"elementor-column elementor-col-16 elementor-top-column elementor-element elementor-element-1933392\" data-id=\"1933392\" data-element_type=\"column\">\n\t\t\t<div class=\"elementor-widget-wrap\">\n\t\t\t\t\t\t\t<\/div>\n\t\t<\/div>\n\t\t\t\t<div class=\"elementor-column elementor-col-66 elementor-top-column elementor-element elementor-element-698c140\" data-id=\"698c140\" data-element_type=\"column\">\n\t\t\t<div class=\"elementor-widget-wrap elementor-element-populated\">\n\t\t\t\t\t\t<div class=\"elementor-element elementor-element-3fca405 elementor-widget elementor-widget-text-editor\" data-id=\"3fca405\" data-element_type=\"widget\" data-widget_type=\"text-editor.default\">\n\t\t\t\t<div class=\"elementor-widget-container\">\n\t\t\t\t\t\t\t\t\t<h2>1. Identificaci\u00f3n del Responsable:<\/h2><h3><strong>\u00bfQui\u00e9n es el Responsable del tratamiento de sus datos?<\/strong><\/h3><p>PNK Diet, S.L.U. (la \u201c<strong>Compa\u00f1\u00eda<\/strong>\u201d o \u201c<strong>PNK DIET<\/strong>\u201d), en su condici\u00f3n de Responsable del Tratamiento, as\u00ed como el resto de entidades que pertenecen al Grupo PronoKal, tienen muy en cuenta la privacidad de los usuarios y se comprometen a realizar los m\u00e1ximos esfuerzos a su alcance para cumplir con la normativa aplicable en materia de protecci\u00f3n de datos.<\/p><p>Los datos del titular de este sitio web son:<\/p><p><strong>Identificaci\u00f3n<\/strong>: PNK Diet, S.L.U.<br \/><strong>CIF<\/strong>: B66256199<br \/><strong>Domicilio<\/strong>:\u00a0Calle Roger de Ll\u00faria, 58, 08009, Barcelona<\/p><p><strong>Contacto Delegado de Protecci\u00f3n de Datos: <\/strong><a href=\"mailto:DPO@pronokalgroup.com\">DPO@pronokalgroup.com<\/a><\/p><h2>2. Aspectos generales del tratamiento de datos personales<\/h2><p>Cuando los usuarios visitan cualquiera de los sitios web de la Compa\u00f1\u00eda, (\u201c<strong>Sitio web<\/strong>\u201d), solicitan los servicios y\/o productos ofrecidos a trav\u00e9s del Sitio web, e incluso, en su caso, acceden a nuestros perfiles corporativos de redes sociales, la Compa\u00f1\u00eda realizar\u00e1 un tratamiento de sus datos personales, de conformidad con la presente pol\u00edtica (\u201c<strong>Pol\u00edtica de Privacidad<\/strong>\u201d). Puede consultar todos nuestros sitios web <a href=\"https:\/\/www.pronokal.com\/es\/otras-webs-del-grupo\">aqu\u00ed<\/a>.\u00a0<\/p><p>La Compa\u00f1\u00eda tambi\u00e9n recabar\u00e1 y tratar\u00e1 datos personales de potenciales interesados y\/o clientes de nuestros m\u00e9todos diet\u00e9ticos, as\u00ed como de m\u00e9dicos prescriptores, a trav\u00e9s de otros canales distintos al presente Sitio web, como por ejemplo mediante contratos, formularios o tarjetones en soporte papel, locuciones telef\u00f3nicas y de forma presencial en nuestras oficinas. En dichos supuestos, el tratamiento de datos personales se realizar\u00e1 conforme a los t\u00e9rminos establecidos en los correspondientes documentos y\/o locuciones telef\u00f3nicas.<\/p><p>La Compa\u00f1\u00eda se reserva el derecho a modificar en cualquier momento esta Pol\u00edtica de Privacidad, por lo que le recomendamos que la visite cada vez que acceda a nuestro Sitio web.<\/p><h2>\u00a0<\/h2><h2>3. \u00bfQu\u00e9 tipo de datos personales trataremos y c\u00f3mo los obtendremos?<\/h2><p>A trav\u00e9s del presente Sitio Web recopilamos datos personales de las siguientes maneras:<\/p><p>i. Datos personales que el usuario nos proporciona: cuando rellena cualquiera de los formularios de contacto a su disposici\u00f3n en el Sitio web.<\/p><p>ii. A trav\u00e9s de las Cookies y tecnolog\u00edas similares: cuando visita nuestra p\u00e1gina web, utilizamos diversas tecnolog\u00edas para recopilar y almacenar informaci\u00f3n y esto puede incluir el uso de cookies o tecnolog\u00edas similares para identificar su navegador o dispositivo. Puedes obtener m\u00e1s informaci\u00f3n sobre c\u00f3mo tratamos tus datos personales obtenidos a trav\u00e9s de cookies en nuestra <a href=\"https:\/\/www.pronokal.com\/es\/politica-de-cookies\">Pol\u00edtica de Cookies<\/a>.\u00a0<\/p><p>Dichos datos personales se pueden agrupar de forma general en las categor\u00edas siguientes:\u00a0\u00a0\u00a0\u00a0\u00a0<\/p><p>i. <strong>Datos identificativos<\/strong>: nombre, apellidos, n\u00famero de tel\u00e9fono, domicilio, direcci\u00f3n de correo electr\u00f3nico, usuario y contrase\u00f1a.<\/p><p>ii. <strong>Datos de conexi\u00f3n datos identificativos<\/strong>: IP, logs.<\/p><p>En el caso que un usuario se convierta en cliente de la Compa\u00f1\u00eda, \u00e9ste deber\u00e1 aceptar la pol\u00edtica de privacidad incluida en el correspondiente documento a trav\u00e9s del que se formalice el alta de dicho cliente, lo que supondr\u00e1 el tratamiento de las siguientes categor\u00edas de datos personales:<\/p><p>iii. <strong>Datos financieros<\/strong>: n\u00famero de cuenta bancaria.<\/p><p>iv. <strong>Datos de salud<\/strong>: peso, eventuales patolog\u00edas o enfermedades, estado emocional, posibles alergias e intolerancias y cualquier otro dato de salud que dicho cliente ponga en conocimiento de la Compa\u00f1\u00eda y\/o de su m\u00e9dico y sea estrictamente necesario para la correcta evoluci\u00f3n del tratamiento.<\/p><p>La persona que se convierta en cliente de nuestros m\u00e9todos ser\u00e1 informada de que tanto la Compa\u00f1\u00eda como el centro m\u00e9dico al que acuda (o en su caso el m\u00e9dico adscrito a dicho centro) ser\u00e1n corresponsables del tratamiento, dado que ambos determinar\u00e1n conjuntamente los objetivos y medios del tratamiento de datos. A tales efectos, PNK Diet y el centro m\u00e9dico suscribir\u00e1n un acuerdo que regule las responsabilidades respectivas de cada parte en el cumplimiento de las obligaciones en materia de datos personales.<\/p><p>Cuando el usuario sea un m\u00e9dico prescriptor que mantenga una relaci\u00f3n contractual con la Compa\u00f1\u00eda, \u00e9sta tratar\u00e1 tanto los <strong>datos identificativos y de contacto<\/strong> de \u00e9ste (nombre y apellidos, NIF, direcci\u00f3n de e-mail y\/o postal, tel\u00e9fono), como en su caso sus <strong>datos financieros<\/strong>.<\/p><h2>\u00a0<\/h2><h2>4. Finalidades del Tratamiento de los Datos Personales, base jur\u00eddica aplicable y plazo de conservaci\u00f3n<\/h2><p>Tal y como hemos comentado anteriormente, tratamos datos personales obtenidos a trav\u00e9s de diversos canales, para las siguientes finalidades:<\/p><ul><li><u>Atender las solicitudes de informaci\u00f3n y\/o consultas efectuadas por cada interesado, inclusive la petici\u00f3n de cita con el correspondiente centro m\u00e9dico<\/u>.<\/li><\/ul><p><strong>Plazo de conservaci\u00f3n:<\/strong> hasta que se haya resuelto su consulta y no sea necesaria su conservaci\u00f3n.<\/p><p><strong>Base jur\u00eddica: <\/strong>El consentimiento del Usuario impl\u00edcito en su solicitud y\/o consulta, a los efectos de que PNK Diet pueda atenderla.<\/p><ul><li><u>Gestionar la relaci\u00f3n comercial y\/o de servicios con cada cliente y\/o centro m\u00e9dico o profesional sanitario, seg\u00fan corresponda en cada caso.<\/u><\/li><\/ul><p><strong>Plazo de conservaci\u00f3n:<\/strong> hasta la finalizaci\u00f3n de la relaci\u00f3n de servicios, y posteriormente durante el tiempo necesario para que la Compa\u00f1\u00eda pueda cumplir con todas sus obligaciones legales aplicables.<\/p><p><strong>Base jur\u00eddica: <\/strong>Ejecuci\u00f3n de las obligaciones contractuales y\/o negociales asumidas por las Partes.<\/p><ul><li><u>Gesti\u00f3n administrativa interna<\/u><\/li><\/ul><p><strong>Plazo de conservaci\u00f3n:<\/strong> Ejecuci\u00f3n de las obligaciones contractuales y\/o negociales asumidas por las Partes.<\/p><p><strong>Base jur\u00eddica: <\/strong>El inter\u00e9s leg\u00edtimo de la Compa\u00f1\u00eda en atender las gestiones administrativas internas necesarias durante el mantenimiento de la relaci\u00f3n con el usuario.<\/p><ul><li><u>Env\u00edo de comunicaciones comerciales, incluso por medios electr\u00f3nicos, acerca de los productos, servicios y novedades de la Compa\u00f1\u00eda. <\/u><\/li><\/ul><p><strong>Plazo de conservaci\u00f3n:<\/strong> hasta que el destinatario se oponga al env\u00edo de las referidas comunicaciones.<\/p><p><strong>Base jur\u00eddica: <\/strong><\/p><p>i. Para nuevos clientes, el consentimiento del usuario.<\/p><p>ii. Para clientes que mantengan una relaci\u00f3n contractual previa con la Compa\u00f1\u00eda, el inter\u00e9s leg\u00edtimo, de conformidad con el art\u00edculo 21.2 de la Ley 34\/2002, de 11 de julio, de servicios de la sociedad de la informaci\u00f3n y del comercio electr\u00f3nico.<\/p><p>En el supuesto que as\u00ed nos lo autorice de forma expl\u00edcita, el resto de sociedades del Grupo tambi\u00e9n podr\u00e1n remitirle dichas comunicaciones comerciales.<\/p><ul><li><u>Realizaci\u00f3n de estudios de investigaci\u00f3n de mercado a trav\u00e9s de terceras empresas independientes<\/u>.<\/li><\/ul><p><strong>Plazo de conservaci\u00f3n:<\/strong>\u00a0los datos ser\u00e1n eliminados al finalizar el estudio.<\/p><p><strong>Base jur\u00eddica:\u00a0<\/strong>El inter\u00e9s leg\u00edtimo de la Compa\u00f1\u00eda en conocer la opini\u00f3n y valoraci\u00f3n general que el p\u00fablico realiza de los productos y servicios de la Compa\u00f1\u00eda.<\/p><ul><li><u>Actualizaci\u00f3n cient\u00edfica del m\u00e9dico prescriptor mediante sesiones de formaci\u00f3n, participaci\u00f3n en reuniones y\/o congresos cient\u00edficos, respuesta a solicitudes de informaci\u00f3n y\/o consultas m\u00e9dicas.<\/u><\/li><\/ul><p><strong>Plazo de conservaci\u00f3n:<\/strong> hasta la finalizaci\u00f3n de la relaci\u00f3n de servicios, y posteriormente durante el tiempo necesario para que la Compa\u00f1\u00eda pueda cumplir con todas sus obligaciones legales aplicables.<\/p><p><strong>Base jur\u00eddica: <\/strong>Inter\u00e9s leg\u00edtimo de la Compa\u00f1\u00eda en que los profesionales del correspondiente centro m\u00e9dico reciban este tipo de formaciones.<\/p><h2>5. Destinatarios<\/h2><p>Los datos personales del usuario podr\u00e1n ser accedidos por terceros que act\u00faen en nombre de la Compa\u00f1\u00eda, siempre que dicho acceso y tratamiento de datos sea imprescindible para la prestaci\u00f3n de un servicio concreto a la Compa\u00f1\u00eda. Bajo dicho escenario, suscribiremos el correspondiente contrato de encargado de tratamiento con cada uno de dichos terceros, los cuales tratar\u00e1n dichos datos exclusivamente para las finalidades que la Compa\u00f1\u00eda determine en cada caso.<\/p><p>La ejecuci\u00f3n del contrato con la Compa\u00f1\u00eda puede suponer la comunicaci\u00f3n de los datos personales del usuario a otras empresas del Grupo PronoKal, en cuyo caso y cuando sea necesario le solicitaremos su consentimiento expl\u00edcito (env\u00edo de comunicaciones comerciales por otras Compa\u00f1\u00edas del Grupo). En determinados casos dicha comunicaci\u00f3n tambi\u00e9n podr\u00e1 realizarse para fines administrativos internos, siempre que la Compa\u00f1\u00eda pueda justificar que existe un inter\u00e9s leg\u00edtimo a tales efectos.<\/p><p>Algunas de estas empresas pueden ubicarse fuera del Espacio Econ\u00f3mico Europeo (\u201cEEE\u201d), pero dichas transferencias se realizar\u00e1n en cumplimiento con las leyes de protecci\u00f3n de datos aplicables y garantizando en todo caso un nivel de protecci\u00f3n de datos equivalente al del EEE.<\/p><p>Puede consultar los datos de las compa\u00f1\u00edas integrantes del Grupo accediendo <a href=\"https:\/\/www.pronokal.com\/es\/otras-webs-del-grupo\">aqu\u00ed<\/a>.<\/p><h2>6.Derechos<\/h2><p>El usuario puede ejercer los siguientes derechos relacionados con sus datos personales: acceso; rectificaci\u00f3n; supresi\u00f3n; limitaci\u00f3n del tratamiento; portabilidad de los datos y oposici\u00f3n.<\/p><p>De igual modo, en los tratamientos de los datos del usuario cuya legitimaci\u00f3n se basa en el consentimiento dado por el usuario, \u00e9ste tiene el derecho a retirar dicho consentimiento en cualquier momento, sin que ello afecte a la licitud del tratamiento basado en el consentimiento previo a su retirada.<\/p><p>Para el ejercicio de tales derechos, el usuario puede enviarnos su solicitud, adjuntando copia de su DNI o documento v\u00e1lido que lo identifique en caso de ser necesario, a la siguiente direcci\u00f3n: Carrer Roger de Ll\u00faria, 58, 08009, Barcelona, Espa\u00f1a; o a trav\u00e9s de la direcci\u00f3n de correo electr\u00f3nico siguiente: <a href=\"mailto:DPO@pronokalgroup.com\">DPO@pronokalgroup.com<\/a>.<\/p><p>Si tiene cualquier duda con relaci\u00f3n al tratamiento de datos personales de la Compa\u00f1\u00eda, puede contactar con nuestro Delegado de Protecci\u00f3n de Datos a trav\u00e9s del siguiente e-mail: <a href=\"mailto:DPO@pronokalgroup.com\">DPO@pronokalgroup.com<\/a>.<\/p><p>En todo caso, el usuario tiene derecho a presentar una reclamaci\u00f3n ante la correspondiente autoridad de control si lo estima oportuno.<\/p><p><strong>La presente Pol\u00edtica de Privacidad ha sido actualizada en marzo del 2019.<\/strong><\/p>\t\t\t\t\t\t\t\t<\/div>\n\t\t\t\t<\/div>\n\t\t\t\t\t<\/div>\n\t\t<\/div>\n\t\t\t\t<div class=\"elementor-column elementor-col-16 elementor-top-column elementor-element elementor-element-2446eea\" data-id=\"2446eea\" data-element_type=\"column\">\n\t\t\t<div class=\"elementor-widget-wrap\">\n\t\t\t\t\t\t\t<\/div>\n\t\t<\/div>\n\t\t\t\t\t<\/div>\n\t\t<\/section>\n\t\t\t\t<\/div>\n\t\t","protected":false},"excerpt":{"rendered":"Pol\u00edtica de Privacidad 1. Identificaci\u00f3n del Responsable: \u00bfQui\u00e9n es el Responsable del tratamiento de sus datos? PNK Diet, S.L.U. (la \u201cCompa\u00f1\u00eda\u201d o \u201cPNK DIET\u201d), en su condici\u00f3n de Responsable del Tratamiento, as\u00ed como el resto de entidades que pertenecen al Grupo PronoKal, tienen muy en cuenta la privacidad de los usuarios y se comprometen a [&hellip;]","protected":false},"author":1,"featured_media":0,"parent":0,"menu_order":0,"comment_status":"closed","ping_status":"closed","template":"","meta":{"footnotes":""},"class_list":["post-38","page","type-page","status-publish","hentry"],"acf":[],"_links":{"self":[{"href":"https:\/\/www.pronokal.com\/pronokalnews-es\/wp-json\/wp\/v2\/pages\/38","targetHints":{"allow":["GET"]}}],"collection":[{"href":"https:\/\/www.pronokal.com\/pronokalnews-es\/wp-json\/wp\/v2\/pages"}],"about":[{"href":"https:\/\/www.pronokal.com\/pronokalnews-es\/wp-json\/wp\/v2\/types\/page"}],"author":[{"embeddable":true,"href":"https:\/\/www.pronokal.com\/pronokalnews-es\/wp-json\/wp\/v2\/users\/1"}],"replies":[{"embeddable":true,"href":"https:\/\/www.pronokal.com\/pronokalnews-es\/wp-json\/wp\/v2\/comments?post=38"}],"version-history":[{"count":24,"href":"https:\/\/www.pronokal.com\/pronokalnews-es\/wp-json\/wp\/v2\/pages\/38\/revisions"}],"predecessor-version":[{"id":13619,"href":"https:\/\/www.pronokal.com\/pronokalnews-es\/wp-json\/wp\/v2\/pages\/38\/revisions\/13619"}],"wp:attachment":[{"href":"https:\/\/www.pronokal.com\/pronokalnews-es\/wp-json\/wp\/v2\/media?parent=38"}],"curies":[{"name":"wp","href":"https:\/\/api.w.org\/{rel}","templated":true}]}}