{"id":34,"date":"2018-12-21T11:45:38","date_gmt":"2018-12-21T11:45:38","guid":{"rendered":"http:\/\/pronokal.com\/?page_id=34"},"modified":"2020-10-01T12:42:16","modified_gmt":"2020-10-01T10:42:16","slug":"other-websites","status":"publish","type":"page","link":"https:\/\/www.pronokal.com\/uk\/other-websites\/","title":{"rendered":"The Group&#8217;s other websites"},"content":{"rendered":"\t\t<div data-elementor-type=\"wp-post\" data-elementor-id=\"34\" class=\"elementor elementor-34\" data-elementor-post-type=\"page\">\n\t\t\t\t\t\t<section class=\"elementor-section elementor-top-section elementor-element elementor-element-7dc4a16 bg-grey elementor-section-boxed elementor-section-height-default elementor-section-height-default\" data-id=\"7dc4a16\" data-element_type=\"section\">\n\t\t\t\t\t\t<div class=\"elementor-container elementor-column-gap-default\">\n\t\t\t\t\t<div class=\"elementor-column elementor-col-100 elementor-top-column elementor-element elementor-element-89be97f\" data-id=\"89be97f\" data-element_type=\"column\">\n\t\t\t<div class=\"elementor-widget-wrap elementor-element-populated\">\n\t\t\t\t\t\t<div class=\"elementor-element elementor-element-becf2c9 elementor-widget elementor-widget-heading\" data-id=\"becf2c9\" data-element_type=\"widget\" data-widget_type=\"heading.default\">\n\t\t\t\t<div class=\"elementor-widget-container\">\n\t\t\t\t\t<h1 class=\"elementor-heading-title elementor-size-default\">Other webs of the Group<\/h1>\t\t\t\t<\/div>\n\t\t\t\t<\/div>\n\t\t\t\t\t<\/div>\n\t\t<\/div>\n\t\t\t\t\t<\/div>\n\t\t<\/section>\n\t\t\t\t<section class=\"elementor-section elementor-top-section elementor-element elementor-element-2d4a210 bg-grey elementor-section-boxed elementor-section-height-default elementor-section-height-default\" data-id=\"2d4a210\" data-element_type=\"section\">\n\t\t\t\t\t\t<div class=\"elementor-container elementor-column-gap-default\">\n\t\t\t\t\t<div class=\"elementor-column elementor-col-33 elementor-top-column elementor-element elementor-element-ce3226f\" data-id=\"ce3226f\" data-element_type=\"column\">\n\t\t\t<div class=\"elementor-widget-wrap elementor-element-populated\">\n\t\t\t\t\t\t<div class=\"elementor-element elementor-element-d85faff elementor-widget elementor-widget-text-editor\" data-id=\"d85faff\" data-element_type=\"widget\" data-widget_type=\"text-editor.default\">\n\t\t\t\t<div class=\"elementor-widget-container\">\n\t\t\t\t\t\t\t\t\t<ul><li><span style=\"color: #b08e43;\"><a style=\"color: #b08e43;\" href=\"https:\/\/www.pronokalgroupclub.com\/\" target=\"_blank\" rel=\"noopener\">PronoKal Group<sup>\u00ae<\/sup>\u00a0Club<\/a><\/span><\/li><li><span style=\"color: #b08e43;\"><a style=\"color: #b08e43;\" href=\"https:\/\/www.pronokalgroupcampus.com\/\" target=\"_blank\" rel=\"noopener\">PronoKal Group<sup>\u00ae<\/sup>\u00a0Campus<\/a><\/span><\/li><li><span style=\"color: #b08e43;\"><a style=\"color: #b08e43;\" href=\"http:\/\/www.comprometidosporunpesosaludable.com.\" target=\"_blank\" rel=\"noopener\">Comprometidos por un peso saludable<\/a><\/span><\/li><\/ul>\t\t\t\t\t\t\t\t<\/div>\n\t\t\t\t<\/div>\n\t\t\t\t\t<\/div>\n\t\t<\/div>\n\t\t\t\t<div class=\"elementor-column elementor-col-33 elementor-top-column elementor-element elementor-element-a67227e\" data-id=\"a67227e\" data-element_type=\"column\">\n\t\t\t<div class=\"elementor-widget-wrap elementor-element-populated\">\n\t\t\t\t\t\t<div class=\"elementor-element elementor-element-1975627 elementor-widget elementor-widget-text-editor\" data-id=\"1975627\" data-element_type=\"widget\" data-widget_type=\"text-editor.default\">\n\t\t\t\t<div class=\"elementor-widget-container\">\n\t\t\t\t\t\t\t\t\t<ul><li><span style=\"color: #b08e43;\"><a style=\"color: #b08e43;\" href=\"https:\/\/www.pronokalgroup.com\/arg\" target=\"_blank\" rel=\"noopener\">Argentina<\/a><\/span><\/li><li><span style=\"color: #b08e43;\"><a style=\"color: #b08e43;\" href=\"https:\/\/www.pronokalgroup.com\/ben\" target=\"_blank\" rel=\"noopener\">Benelux<\/a><\/span><\/li><li><span style=\"color: #b08e43;\"><a style=\"color: #b08e43;\" href=\"https:\/\/www.pronokalgroup.com\/esp\" target=\"_blank\" rel=\"noopener\">Espa\u00f1a<\/a><\/span><\/li><li><span style=\"color: #b08e43;\"><a style=\"color: #b08e43;\" href=\"https:\/\/www.pronokalgroup.com\/ita\" target=\"_blank\" rel=\"noopener\">Italia<\/a><\/span><\/li><li><span style=\"color: #b08e43;\"><a style=\"color: #b08e43;\" href=\"https:\/\/www.pronokalgroup.com\/por\" target=\"_blank\" rel=\"noopener\">Portugal<\/a><\/span><\/li><li><span style=\"color: #b08e43;\"><a style=\"color: #b08e43;\" href=\"https:\/\/www.pronokalgroup.com\/ukn\" target=\"_blank\" rel=\"noopener\">Reino Unido<\/a><\/span><\/li><li><span style=\"color: #b08e43;\"><a style=\"color: #b08e43;\" href=\"https:\/\/www.pronokalgroup.com\/uru\" target=\"_blank\" rel=\"noopener\">Uruguay<\/a><\/span><\/li><\/ul>\t\t\t\t\t\t\t\t<\/div>\n\t\t\t\t<\/div>\n\t\t\t\t\t<\/div>\n\t\t<\/div>\n\t\t\t\t<div class=\"elementor-column elementor-col-33 elementor-top-column elementor-element elementor-element-0f42cec\" data-id=\"0f42cec\" data-element_type=\"column\">\n\t\t\t<div class=\"elementor-widget-wrap elementor-element-populated\">\n\t\t\t\t\t\t<div class=\"elementor-element elementor-element-8f63eb5 elementor-widget elementor-widget-text-editor\" data-id=\"8f63eb5\" data-element_type=\"widget\" data-widget_type=\"text-editor.default\">\n\t\t\t\t<div class=\"elementor-widget-container\">\n\t\t\t\t\t\t\t\t\t<ul><li><span style=\"color: #b08e43;\"><a style=\"color: #b08e43;\" href=\"https:\/\/www.pnkmethod.com\/ger\/\" target=\"_blank\" rel=\"noopener\">Alemania<\/a><\/span><\/li><li><span style=\"color: #b08e43;\"><a style=\"color: #b08e43;\" href=\"https:\/\/www.metodopnk.com\/cri\/\" target=\"_blank\" rel=\"noopener\">Costa Rica<\/a><\/span><\/li><li><span style=\"color: #b08e43;\"><a style=\"color: #b08e43;\" href=\"https:\/\/www.metodopnk.com\/per\/\" target=\"_blank\" rel=\"noopener\">Per\u00fa<\/a><\/span><\/li><li><span style=\"color: #b08e43;\"><a style=\"color: #b08e43;\" href=\"https:\/\/www.metodopnk.com\/mex\/\" target=\"_blank\" rel=\"noopener\">M\u00e9xico (PnK)<\/a><\/span><\/li><li><span style=\"color: #b08e43;\"><a style=\"color: #b08e43;\" href=\"https:\/\/www.pronokal.com\/bra\/\" target=\"_blank\" rel=\"noopener\">Brasil<\/a><\/span><\/li><li><span style=\"color: #b08e43;\"><a style=\"color: #b08e43;\" href=\"https:\/\/www.pronokal.com\/rdo\/\" target=\"_blank\" rel=\"noopener\">Rep\u00fablica Dominicana<\/a><\/span><\/li><li><span style=\"color: #b08e43;\"><a style=\"color: #b08e43;\" href=\"https:\/\/www.pronokal.com\/sui\/\" target=\"_blank\" rel=\"noopener\">Suiza<\/a><\/span><\/li><li><span style=\"color: #b08e43;\"><a style=\"color: #b08e43;\" href=\"https:\/\/www.pronokal.com\/mex\/\" target=\"_blank\" rel=\"noopener\">M\u00e9xico (PronoKal)<\/a><\/span><\/li><li><span style=\"color: #b08e43;\"><a style=\"color: #b08e43;\" href=\"https:\/\/www.pronokal.com\/arg\/\" target=\"_blank\" rel=\"noopener\">Argentina (Pronokal)<\/a><\/span><\/li><\/ul>\t\t\t\t\t\t\t\t<\/div>\n\t\t\t\t<\/div>\n\t\t\t\t\t<\/div>\n\t\t<\/div>\n\t\t\t\t\t<\/div>\n\t\t<\/section>\n\t\t\t\t<section class=\"elementor-section elementor-top-section elementor-element elementor-element-08d810a bg-grey elementor-section-boxed elementor-section-height-default elementor-section-height-default\" data-id=\"08d810a\" data-element_type=\"section\">\n\t\t\t\t\t\t<div class=\"elementor-container elementor-column-gap-default\">\n\t\t\t\t\t<div class=\"elementor-column elementor-col-100 elementor-top-column elementor-element elementor-element-b3ab42e\" data-id=\"b3ab42e\" data-element_type=\"column\">\n\t\t\t<div class=\"elementor-widget-wrap elementor-element-populated\">\n\t\t\t\t\t\t<div class=\"elementor-element elementor-element-8f3120e elementor-widget elementor-widget-spacer\" data-id=\"8f3120e\" data-element_type=\"widget\" data-widget_type=\"spacer.default\">\n\t\t\t\t<div class=\"elementor-widget-container\">\n\t\t\t\t\t\t\t<div class=\"elementor-spacer\">\n\t\t\t<div class=\"elementor-spacer-inner\"><\/div>\n\t\t<\/div>\n\t\t\t\t\t\t<\/div>\n\t\t\t\t<\/div>\n\t\t\t\t\t<\/div>\n\t\t<\/div>\n\t\t\t\t\t<\/div>\n\t\t<\/section>\n\t\t\t\t<\/div>\n\t\t","protected":false},"excerpt":{"rendered":"Other webs of the Group PronoKal Group\u00ae\u00a0Club PronoKal Group\u00ae\u00a0Campus Comprometidos por un peso saludable Argentina Benelux Espa\u00f1a Italia Portugal Reino Unido Uruguay Alemania Costa Rica Per\u00fa M\u00e9xico (PnK) Brasil Rep\u00fablica Dominicana Suiza M\u00e9xico (PronoKal) Argentina (Pronokal)","protected":false},"author":5,"featured_media":0,"parent":0,"menu_order":0,"comment_status":"closed","ping_status":"closed","template":"","meta":{"footnotes":""},"class_list":["post-34","page","type-page","status-publish","hentry"],"acf":[],"_links":{"self":[{"href":"https:\/\/www.pronokal.com\/uk\/wp-json\/wp\/v2\/pages\/34","targetHints":{"allow":["GET"]}}],"collection":[{"href":"https:\/\/www.pronokal.com\/uk\/wp-json\/wp\/v2\/pages"}],"about":[{"href":"https:\/\/www.pronokal.com\/uk\/wp-json\/wp\/v2\/types\/page"}],"author":[{"embeddable":true,"href":"https:\/\/www.pronokal.com\/uk\/wp-json\/wp\/v2\/users\/5"}],"replies":[{"embeddable":true,"href":"https:\/\/www.pronokal.com\/uk\/wp-json\/wp\/v2\/comments?post=34"}],"version-history":[{"count":13,"href":"https:\/\/www.pronokal.com\/uk\/wp-json\/wp\/v2\/pages\/34\/revisions"}],"predecessor-version":[{"id":18387,"href":"https:\/\/www.pronokal.com\/uk\/wp-json\/wp\/v2\/pages\/34\/revisions\/18387"}],"wp:attachment":[{"href":"https:\/\/www.pronokal.com\/uk\/wp-json\/wp\/v2\/media?parent=34"}],"curies":[{"name":"wp","href":"https:\/\/api.w.org\/{rel}","templated":true}]}}