{"id":18103,"date":"2020-04-24T10:58:07","date_gmt":"2020-04-24T08:58:07","guid":{"rendered":"https:\/\/www.pronokal.com\/uru\/?page_id=18103"},"modified":"2020-05-15T19:03:34","modified_gmt":"2020-05-15T17:03:34","slug":"aviso-legal","status":"publish","type":"page","link":"https:\/\/www.pronokal.com\/uy\/elmetodopnk\/aviso-legal\/","title":{"rendered":"Aviso legal (landing Home PNK)"},"content":{"rendered":"\r\n<p>El presente Aviso Legal (en adelante, \u201c<strong>Aviso Legal<\/strong>\u201d) rige el acceso y la utilizaci\u00f3n del presente sitio web y sus subdominios (en adelante, el \u201c<strong>Sitio Web<\/strong>\u201d).<\/p>\r\n\r\n\r\n\r\n<p>El simple acceso al Sitio Web atribuye a quien lo realiza la condici\u00f3n de Usuario del Sitio Web (en adelante, el \u201c<strong>Usuario<\/strong>\u201d) e implica la aceptaci\u00f3n de todos los t\u00e9rminos incluidos en este Aviso Legal. En caso de no estar de acuerdo con este Aviso Legal, el Usuario debe abandonar inmediatamente el Sitio Web sin utilizarlo.<\/p>\r\n\r\n\r\n\r\n<p>Por medio de la aceptaci\u00f3n del presente Aviso Legal, el Usuario manifiesta:<\/p>\r\n\r\n\r\n\r\n<p>a. Que ha le\u00eddo, entiende y comprende lo aqu\u00ed expuesto.<\/p>\r\n\r\n\r\n\r\n<p>b. Que asume todas las obligaciones aqu\u00ed dispuestas.<\/p>\r\n\r\n\r\n\r\n<h2 class=\"wp-block-heading\">1. INFORMACI\u00d3N REGISTRAL DEL SITIO WEB<\/h2>\r\n\r\n\r\n\r\n<p>De conformidad con la normativa de comercio electr\u00f3nico aplicable, a continuaci\u00f3n, se identifican los siguientes datos:<\/p>\r\n\r\n\r\n\r\n<p><strong>Titular:<\/strong>\u00a0PRONOKAL HEALTH GROUP S.L.U (en adelante, \u201c<strong>PRONOKAL<\/strong>\u201d).<br \/><strong>Domicilio social:<\/strong>\u00a0C\/ Roger de Ll\u00faria, 58, 08009, Barcelona<br \/><strong>C.I.F.:<\/strong> B66862749<br \/><strong>E-mail:<\/strong>\u00a0info@pronokal.com<br \/><strong>Tel\u00e9fono:<\/strong>\u00a093.183.33.00<br \/><strong>Datos registrales:<\/strong>\u00a0Registro Mercantil de Barcelona. Tomo 44213, Folio 0172, Hoja n\u00famero 449797.<\/p>\r\n\r\n\r\n\r\n<h2 class=\"wp-block-heading\">2. CONDICIONES DE USO<\/h2>\r\n\r\n\r\n\r\n<h3 class=\"wp-block-heading\"><strong>ACCESO AL SITIO WEB <\/strong><\/h3>\r\n\r\n\r\n\r\n<p>PRONOKAL se reserva en todo caso el derecho de efectuar aquellas modificaciones que estime oportunas en el Sitio Web. Ello implica que PRONOKAL podr\u00e1 cambiar, suprimir o a\u00f1adir tanto los contenidos como los servicios que se presten a trav\u00e9s del mismo, as\u00ed como la forma en la que \u00e9stos aparezcan presentados o localizados en su Sitio Web.<\/p>\r\n\r\n\r\n\r\n<h3 class=\"wp-block-heading\"><strong>NORMAS DE UTILIZACI\u00d3N DEL SITIO WEB <\/strong><\/h3>\r\n\r\n\r\n\r\n<p>El Usuario se obliga a utilizar el Sitio Web y todo su contenido y servicios conforme a lo establecido en la ley, la moral, el orden p\u00fablico y en el presente Aviso Legal. Asimismo, se obliga a hacer un uso adecuado de los servicios y\/o contenidos del Sitio Web y a no emplearlos para realizar actividades il\u00edcitas o constitutivas de delito, que atenten contra los derechos de terceros y\/o que infrinjan la regulaci\u00f3n sobre propiedad intelectual e industrial, o cualesquiera otras normas del ordenamiento jur\u00eddico aplicable.<\/p>\r\n\r\n\r\n\r\n<p>El Usuario se obliga a no transmitir, introducir, difundir y poner a disposici\u00f3n de terceros, cualquier tipo de material e informaci\u00f3n (datos, contenidos, mensajes, dibujos, archivos de sonido e imagen, fotograf\u00edas, software, etc.) que sean contrarios a la ley, la moral, el orden p\u00fablico y el presente Aviso Legal.<\/p>\r\n\r\n\r\n\r\n<p>A t\u00edtulo enunciativo, y en ning\u00fan caso limitativo o excluyente, el Usuario se compromete a no provocar da\u00f1os en los sistemas de PRONOKAL, de sus proveedores o de terceras personas, as\u00ed como a no introducir y\/o difundir virus inform\u00e1ticos o cualesquiera otros sistemas que sean susceptibles de provocar los da\u00f1os anteriormente mencionados.<\/p>\r\n\r\n\r\n\r\n<p>PRONOKAL no ser\u00e1 responsable de las opiniones vertidas por los Usuarios a trav\u00e9s de cualquier perfil de red social y\/o herramientas de participaci\u00f3n que en su caso pudieran disponerse o ser accesibles a trav\u00e9s del Sitio Web.<\/p>\r\n\r\n\r\n\r\n<h2 class=\"wp-block-heading\">3. PROPIEDAD INTELECTUAL E INDUSTRIAL<\/h2>\r\n\r\n\r\n\r\n<p>Todos los derechos de propiedad industrial e intelectual, as\u00ed como toda la informaci\u00f3n contenida en el Sitio Web (im\u00e1genes, marcas, dise\u00f1os gr\u00e1ficos, c\u00f3digo fuente, estructura de navegaci\u00f3n, bases de datos, y cualquier otro contenido que en la misma aparezca) son propiedad exclusiva de PRONOKAL o, en su caso, est\u00e1n debidamente licenciados por el titular, sin que pueda entenderse que el acceso o uso del Sitio Web atribuya al Usuario derecho alguno sobre las citadas marcas y los otros signos distintivos registrados.<\/p>\r\n\r\n\r\n\r\n<p>Asimismo, toda la informaci\u00f3n y contenidos del Sitio Web est\u00e1n protegidos por derechos de autor y la propiedad intelectual de los mismos pertenece a PRONOKAL o, en su caso, su uso y explotaci\u00f3n ha sido debidamente autorizado por el titular. Ninguno de los derechos de explotaci\u00f3n relacionados con dichos contenidos, signos y\/o informaci\u00f3n podr\u00e1n entenderse cedidos al Usuario, m\u00e1s all\u00e1 de lo estrictamente necesario para el correcto uso del Sitio Web.<\/p>\r\n\r\n\r\n\r\n<p>El Usuario queda \u00fanicamente autorizado para visualizar y obtener una copia privada temporal de los contenidos para su exclusivo uso personal y privado en sus sistemas inform\u00e1ticos, salvo que legalmente se permita cualquier otro uso adicional. Con las salvedades anteriores, quedan expresamente prohibidos al Usuario la reproducci\u00f3n, transformaci\u00f3n, distribuci\u00f3n, comunicaci\u00f3n p\u00fablica, puesta a disposici\u00f3n, extracci\u00f3n, reutilizaci\u00f3n, reenv\u00edo o la utilizaci\u00f3n de cualquier naturaleza, por cualquier medio o procedimiento, de cualquiera de dichos contenidos, salvo en los casos en que est\u00e9 legalmente permitido o sea autorizado de forma expresa y por escrito por PRONOKAL. Con car\u00e1cter enunciativo pero no limitativo:<\/p>\r\n\r\n\r\n\r\n<ol class=\"wp-block-list\">\r\n<li>El Usuario no se encuentra autorizado para emplear la informaci\u00f3n contenida en el Sitio Web con la finalidad de desarrollar actividades de car\u00e1cter comercial o profesional (venta directa o con cualquiera otra clase de finalidad comercial, as\u00ed como comercializar en cualquier modo dicha informaci\u00f3n).<\/li>\r\n<li>El Usuario no se encuentra autorizado a suprimir, eludir y\/o manipular el copyright y\/o dem\u00e1s datos identificativos de los derechos de PRONOKAL.<\/li>\r\n<li>El Usuario no se encuentra autorizado para desmontar, descompilar y\/o invertir las bases de datos en la que se almacena la informaci\u00f3n del Sitio Web.<\/li>\r\n<\/ol>\r\n\r\n\r\n\r\n<p>La utilizaci\u00f3n no autorizada de la informaci\u00f3n contenida en el Sitio Web, su reventa, as\u00ed como la lesi\u00f3n de los derechos de propiedad industrial e intelectual de PRONOKAL y\/o sus licenciantes, dar\u00e1 lugar a las responsabilidades que legalmente pudieran reclamarse.<\/p>\r\n\r\n\r\n\r\n<h2 class=\"wp-block-heading\">4. GARANT\u00cdAS Y RESPONSABILIDAD<\/h2>\r\n\r\n\r\n\r\n<p>PRONOKAL se reserva el derecho a interrumpir el acceso a su Sitio Web, as\u00ed como la prestaci\u00f3n de cualquiera o de todos los contenidos y\/o servicios que se ofrecen a trav\u00e9s del mismo en cualquier momento y sin previo aviso, ya sea por motivos t\u00e9cnicos, de seguridad, de control, de mantenimiento o por cualquier otra causa.<\/p>\r\n\r\n\r\n\r\n<p>Sin perjuicio de los derechos del Usuario que pudiesen resultar de aplicaci\u00f3n, PRONOKAL no garantiza la fiabilidad, la disponibilidad ni la continuidad de su Sitio Web ni de los contenidos que en \u00e9l se ofrecen, por lo que el acceso a dicha web y a sus contenidos por parte del Usuario es por su propia cuenta y riesgo.<\/p>\r\n\r\n\r\n\r\n<p>Asimismo, PRONOKAL no ser\u00e1 responsable por interrupciones temporales del servicio, demoras, errores, mal funcionamiento y, en general, dem\u00e1s inconvenientes que tengan su origen en causas que escapan al control de PRONOKAL, y\/o se deban a la actuaci\u00f3n dolosa o culposa del Usuario y\/o vengan causadas por Fuerza Mayor.<\/p>\r\n\r\n\r\n\r\n<p>En este sentido, PRONOKAL excluye con toda la extensi\u00f3n permitida por el ordenamiento jur\u00eddico, cualquier responsabilidad por los da\u00f1os y perjuicios de toda naturaleza que puedan deberse a la falta de disponibilidad y\/o continuidad del funcionamiento del Sitio Web, los servicios y\/o a los fallos en el acceso a las distintas p\u00e1ginas web del Sitio Web.<\/p>\r\n\r\n\r\n\r\n<p>PRONOKAL adopta medidas de seguridad razonablemente adecuadas para detectar la existencia de virus. No obstante, PRONOKAL no puede garantizar la inexistencia de virus u otros elementos que puedan producir alteraciones en los sistemas inform\u00e1ticos del Usuario o en sus documentos electr\u00f3nicos y ficheros contenidos en los mismos.<\/p>\r\n\r\n\r\n\r\n<p>En este sentido, PRONOKAL excluye con toda la extensi\u00f3n permitida por el ordenamiento jur\u00eddico y sin perjuicio de los derechos del Usuario que pudiesen resultar de aplicaci\u00f3n, cualquier responsabilidad por los da\u00f1os y perjuicios de toda naturaleza que puedan deberse a la presencia de virus o de otros elementos en los contenidos del Sitio Web, que puedan producir alteraciones en el sistema inform\u00e1tico, documentos electr\u00f3nicos y\/o en los ficheros de los Usuarios.<\/p>\r\n\r\n\r\n\r\n<p>PRONOKAL no asume la responsabilidad de la utilizaci\u00f3n que el Usuario realice del contenido del Sitio Web que pueda suponer una violaci\u00f3n de cualquier tipo de norma, nacional o internacional, de los derechos de propiedad intelectual o industrial o cualquier otro derecho de terceros.<\/p>\r\n\r\n\r\n\r\n<p>Tanto el acceso al Sitio Web como el uso que pueda hacerse de la informaci\u00f3n contenida en el mismo es de la exclusiva responsabilidad de quien lo realiza. PRONOKAL no responder\u00e1 de ninguna consecuencia, da\u00f1o o perjuicio que pudieran derivarse de dicho acceso o uso de la informaci\u00f3n. PRONOKAL no se hace responsable de los posibles errores de seguridad que se puedan producir ni de los posibles da\u00f1os que puedan causarse al sistema inform\u00e1tico del Usuario, los ficheros o documentos almacenados en el mismo, como consecuencia de un mal funcionamiento del navegador o del uso de versiones no actualizadas del mismo.<\/p>\r\n\r\n\r\n\r\n<h2 class=\"wp-block-heading\">5. POL\u00cdTICA DE ENLACES<\/h2>\r\n\r\n\r\n\r\n<p>Queda expresamente prohibida la introducci\u00f3n de hiperenlaces o dispositivos t\u00e9cnicos de enlace (por ejemplo, links, banners o botones) con fines mercantiles en p\u00e1ginas web ajenas a PRONOKAL, que permitan el acceso al presente dominio, sin el consentimiento previo y por escrito de PRONOKAL. En todo caso, la existencia de tales hiperenlaces no implicar\u00e1, en ning\u00fan caso, la existencia de relaciones comerciales o mercantiles con el titular del Sitio Web donde se establezca el hiperenlace, ni la aceptaci\u00f3n por parte de PRONOKAL de sus contenidos o servicios.<\/p>\r\n\r\n\r\n\r\n<p>En todo caso, PNKDIET se reserva el derecho de prohibir o inutilizar en cualquier momento cualquier hiperenlace o dispositivo t\u00e9cnico de enlace (p. e. links, banners o botones) a su sitio web, especialmente, en los supuestos de ilicitud de la actividad o contenidos del sitio web en que se incluye el hiperenlace o en el dispositivo t\u00e9cnico de enlace.<\/p>\r\n\r\n\r\n\r\n<p>Por otro lado, PRONOKAL no garantiza ni asume ning\u00fan tipo de responsabilidad por los da\u00f1os y perjuicios sufridos por el acceso a contenidos de terceros a trav\u00e9s de las posibles conexiones, v\u00ednculos o links de los sitios enlazados desde este Sitio Web. La funci\u00f3n que, en su caso, podr\u00edan tener tales hiperenlaces o dispositivos t\u00e9cnicos de enlace (p. e. links, banners o botones) es exclusivamente la de informar a los Usuarios sobre la existencia de otras fuentes de informaci\u00f3n u otros contenidos y servicios de Internet. PRONOKAL no ser\u00e1 en ning\u00fan caso responsable del resultado obtenido a trav\u00e9s de dichos hiperenlaces o dispositivos t\u00e9cnicos de enlace (p. e. links o botones) o de las consecuencias que se deriven del acceso por los Usuarios a los mismos (sitios enlazados). Estos contenidos de terceros son proporcionados por \u00e9stos, por lo que PRONOKAL no puede controlar la licitud de tales contenidos ni la calidad de los servicios ofrecidos en los mismos.<\/p>\r\n\r\n\r\n\r\n<p>PRONOKAL no ofrece ni comercializa por s\u00ed y\/o por medio de terceros, la informaci\u00f3n, contenidos y servicios disponibles en los sitios web enlazados, ni aprueba, supervisa o controla de modo alguno los contenidos y servicios, as\u00ed como cualquier material de cualquier naturaleza existente en los mismos, asumiendo el Usuario de manera exclusiva toda la responsabilidad de la navegaci\u00f3n a trav\u00e9s de los mismos.<\/p>\r\n\r\n\r\n\r\n<h2 class=\"wp-block-heading\">6. POL\u00cdTICA DE PRIVACIDAD<\/h2>\r\n\r\n\r\n\r\n<p>A trav\u00e9s del presente Sitio Web podr\u00e1n tratarse datos de car\u00e1cter personal. Por favor, para informarte de las caracter\u00edsticas de los referidos tratamientos de datos, accede a nuestra pol\u00edtica de privacidad <a href=\"http:\/\/politica-de-privacidad\">aqu\u00ed<\/a><\/p>\r\n\r\n\r\n\r\n<h2 class=\"wp-block-heading\">7. NOTIFICACIONES<\/h2>\r\n\r\n\r\n\r\n<p>Todas las notificaciones y comunicaciones (en adelante, \u201c<strong>Notificaciones<\/strong>\u201d) por parte del Usuario a PRONOKAL se considerar\u00e1n eficaces, a todos los efectos, cuando se dirijan a la direcci\u00f3n de correo electr\u00f3nico indicada en el apartado primero del presente Aviso. Asimismo, todas las Notificaciones que realice PRONOKAL al Usuario se considerar\u00e1n v\u00e1lidamente efectuadas si se han realizado empleando los datos y a trav\u00e9s del medio anteriormente se\u00f1alado. A estos efectos, el Usuario manifiesta y garantiza que todos los datos facilitados por \u00e9l son ciertos y correctos y que los mantendr\u00e1 debidamente actualizados.<\/p>\r\n\r\n\r\n\r\n<p>El presente Sitio Web ha sido elaborado en todo momento conforme a los principios de la buena fe. No obstante, en caso de que cualquier tercero considere que sus derechos de propiedad intelectual y\/o industrial han sido vulnerados, podr\u00e1 notificarlo mediante comunicaci\u00f3n dirigida al domicilio de PRONOKAL indicado anteriormente.<\/p>\r\n\r\n\r\n\r\n<h2 class=\"wp-block-heading\">8. LEY APLICABLE Y JURISDICCI\u00d3N<\/h2>\r\n\r\n\r\n\r\n<p>Este Aviso Legal se regir\u00e1 e interpretar\u00e1 conforme a la legislaci\u00f3n espa\u00f1ola.<\/p>\r\n\r\n\r\n\r\n<p>Las partes se someten, a su elecci\u00f3n, para la resoluci\u00f3n de los conflictos y con renuncia a cualquier otro fuero, a los Juzgados y Tribunales de la ciudad de Barcelona, salvo que las normas de protecci\u00f3n de los Consumidores y Usuarios dispongan otra cosa.<\/p>\r\n\r\n\r\n\r\n<p><strong>El presente Aviso Legal se encuentra actualizado a abril de 2019.<\/strong><\/p>\r\n","protected":false},"excerpt":{"rendered":"El presente Aviso Legal (en adelante, \u201cAviso Legal\u201d) rige el acceso y la utilizaci\u00f3n del presente sitio web y sus subdominios (en adelante, el \u201cSitio Web\u201d). El simple acceso al Sitio Web atribuye a quien lo realiza la condici\u00f3n de Usuario del Sitio Web (en adelante, el \u201cUsuario\u201d) e implica la aceptaci\u00f3n de todos los [&hellip;]","protected":false},"author":5,"featured_media":0,"parent":18101,"menu_order":0,"comment_status":"closed","ping_status":"closed","template":"template-modules-pnk.php","meta":{"footnotes":""},"class_list":["post-18103","page","type-page","status-publish","hentry"],"acf":[],"_links":{"self":[{"href":"https:\/\/www.pronokal.com\/uy\/wp-json\/wp\/v2\/pages\/18103","targetHints":{"allow":["GET"]}}],"collection":[{"href":"https:\/\/www.pronokal.com\/uy\/wp-json\/wp\/v2\/pages"}],"about":[{"href":"https:\/\/www.pronokal.com\/uy\/wp-json\/wp\/v2\/types\/page"}],"author":[{"embeddable":true,"href":"https:\/\/www.pronokal.com\/uy\/wp-json\/wp\/v2\/users\/5"}],"replies":[{"embeddable":true,"href":"https:\/\/www.pronokal.com\/uy\/wp-json\/wp\/v2\/comments?post=18103"}],"version-history":[{"count":5,"href":"https:\/\/www.pronokal.com\/uy\/wp-json\/wp\/v2\/pages\/18103\/revisions"}],"predecessor-version":[{"id":18252,"href":"https:\/\/www.pronokal.com\/uy\/wp-json\/wp\/v2\/pages\/18103\/revisions\/18252"}],"up":[{"embeddable":true,"href":"https:\/\/www.pronokal.com\/uy\/wp-json\/wp\/v2\/pages\/18101"}],"wp:attachment":[{"href":"https:\/\/www.pronokal.com\/uy\/wp-json\/wp\/v2\/media?parent=18103"}],"curies":[{"name":"wp","href":"https:\/\/api.w.org\/{rel}","templated":true}]}}